{"id":1504,"date":"2022-03-24T10:17:31","date_gmt":"2022-03-24T09:17:31","guid":{"rendered":"https:\/\/www.teoarkitektura.com\/?page_id=1504"},"modified":"2026-04-13T17:50:06","modified_gmt":"2026-04-13T16:50:06","slug":"evalucacion-del-impacto-linguistico","status":"publish","type":"page","link":"https:\/\/www.teoarkitektura.eus\/es\/evalucacion-del-impacto-linguistico\/","title":{"rendered":"Evaluaci\u00f3n del Impacto Ling\u00fc\u00edstico"},"content":{"rendered":"<h1 style=\"text-align: center;\">Evaluaci\u00f3n del Impacto Ling\u00fc\u00edstico<\/h1>\n<p style=\"text-align: left;\">El objetivo principal es prever, identificar y evaluar las <strong>posibles repercusiones<\/strong> que tienen los proyectos y planes, tanto p\u00fablicos como privados, <strong>en la realidad ling\u00fc\u00edstica<\/strong> de un determinado \u00e1mbito territorial (barrio, pueblo, ciudad, comarca). Adem\u00e1s de eso, tambi\u00e9n pretende adoptar las medidas necesarias para reducir y prevenir los posibles da\u00f1os que tanto el euskera como la comunidad vascohablante puedan padecer.<\/p>\n<p style=\"text-align: left;\">El <strong>Decreto 179\/2019<\/strong>, de 19 de noviembre, de normalizaci\u00f3n del uso institucional y administrativo de las lenguas oficiales en las entidades locales de Euskadi, en su Cap\u00edtulo IV, exige la <strong>EVALUACI\u00d3N DEL IMPACTO LING\u00dc\u00cdSTICO DE LOS PLANES Y PROYECTOS<\/strong>, determinando el procedimiento para ello<\/p>\n<p style=\"text-align: left;\">Los municipios deber\u00e1n realizar la evaluaci\u00f3n de impacto ling\u00fc\u00edstico de los planes y proyectos que se relacionan a continuaci\u00f3n, as\u00ed como de sus modificaciones sustanciales que afecten al uso del euskera:<\/p>\n<p style=\"text-align: left;\">PLANES<\/p>\n<ul>\n<li style=\"text-align: left;\">Planes generales de ordenaci\u00f3n urbana.<\/li>\n<li style=\"text-align: left;\">Plan de compatibilizaci\u00f3n del planeamiento general.<\/li>\n<li style=\"text-align: left;\">Plan de sectorizaci\u00f3n.<\/li>\n<li style=\"text-align: left;\">Normas subsidiarias de planeamiento.<\/li>\n<li style=\"text-align: left;\">Planes parciales.<\/li>\n<li style=\"text-align: left;\">Planes especiales de ordenaci\u00f3n urbana.<\/li>\n<li style=\"text-align: left;\">Planes tur\u00edsticos.<\/li>\n<\/ul>\n<p style=\"text-align: left;\">PROYECTOS<\/p>\n<ul>\n<li style=\"text-align: left;\">Proyectos de construcci\u00f3n de grandes establecimientos comerciales.<\/li>\n<li style=\"text-align: left;\">Proyectos de construcci\u00f3n de pol\u00edgonos industriales y parques tecnol\u00f3gicos.<\/li>\n<\/ul>\n<p><strong>Estos son, a d\u00eda de hoy, los planes de los que Teo Arkitektura ha realizado informes de Evaluaci\u00f3n de Impacto Ling\u00fc\u00edstico:<\/strong><\/p>\n<ul>\n<li>Plan General de Ordenaci\u00f3n Urbana (PGOU) de Bakio (avance) (2017)<\/li>\n<li>Modificaci\u00f3n del Plan Parcial de Elexalde en Bakio (2020)<\/li>\n<li>Plan General de Ordenaci\u00f3n Urbana (PGOU) de Orozko (2021)<\/li>\n<li>Planificaci\u00f3n Estrat\u00e9gica del Turismo de Bermeo (2022)<\/li>\n<li>Plan General de Ordenaci\u00f3n Urbana (PGOU) de Igorre (2022)<\/li>\n<li>Plan Director de Turismo Donostia\/San Sebasti\u00e1n (2022)<\/li>\n<li>Plan General de Ordenaci\u00f3n Urbana (PGOU) de Hondarribia (2023)<\/li>\n<li>Plan Parcial Pulla-Azkarreta de Elorrio (2023)<\/li>\n<li>Plan General de Ordenaci\u00f3n Urbana (PGOU) de Mungia (2024)<\/li>\n<li>Plan General de Ordenaci\u00f3n Urbana (PGOU) de Astigarraga (2025)<\/li>\n<li>Plan de Turismo Sostenible de Tolosaldea (2025)<\/li>\n<li>Plan General de Ordenaci\u00f3n Urbana (PGOU) de Legutio (2025)<\/li>\n<li>Plan General de Ordenaci\u00f3n Urbana (PGOU) de Sopela (2025)<\/li>\n<li>Plan Estrat\u00e9gico de Turismo de Lea-Artibai\u00a0 (2026)<\/li>\n<\/ul>\n<div class=\"rl-gallery-container rl-loading\" id=\"rl-gallery-container-1\" data-gallery_id=\"1704\"> <div class=\"rl-gallery rl-basicgrid-gallery \" id=\"rl-gallery-1\" data-gallery_no=\"1\"> <div class=\"rl-gallery-item\"><a href=\"https:\/\/www.teoarkitektura.eus\/wp-content\/uploads\/2023\/01\/BAKIO-OK.jpg\" title=\"\" data-rl_title=\"\" class=\"rl-gallery-link\" data-rl_caption=\"\" data-rel=\"lightbox-gallery-1\" data-magnific_type=\"gallery\"><img src=\"https:\/\/www.teoarkitektura.eus\/wp-content\/uploads\/2023\/01\/BAKIO-OK-800x812.jpg\" width=\"800\" height=\"812\" alt=\"\" \/><\/a><\/div><div class=\"rl-gallery-item\"><a href=\"https:\/\/www.teoarkitektura.eus\/wp-content\/uploads\/2023\/01\/BERMEO_OK.jpg\" title=\"\" data-rl_title=\"\" class=\"rl-gallery-link\" data-rl_caption=\"\" data-rel=\"lightbox-gallery-1\" data-magnific_type=\"gallery\"><img src=\"https:\/\/www.teoarkitektura.eus\/wp-content\/uploads\/2023\/01\/BERMEO_OK-800x800.jpg\" width=\"800\" height=\"800\" alt=\"\" \/><\/a><\/div><div class=\"rl-gallery-item\"><a href=\"https:\/\/www.teoarkitektura.eus\/wp-content\/uploads\/2023\/01\/HONDARRIBIA_OK.jpg\" title=\"\" data-rl_title=\"\" class=\"rl-gallery-link\" data-rl_caption=\"\" data-rel=\"lightbox-gallery-1\" data-magnific_type=\"gallery\"><img src=\"https:\/\/www.teoarkitektura.eus\/wp-content\/uploads\/2023\/01\/HONDARRIBIA_OK-800x800.jpg\" width=\"800\" height=\"800\" alt=\"\" \/><\/a><\/div><div class=\"rl-gallery-item\"><a href=\"https:\/\/www.teoarkitektura.eus\/wp-content\/uploads\/2023\/01\/DONOSTIA.jpg\" title=\"\" data-rl_title=\"\" class=\"rl-gallery-link\" data-rl_caption=\"\" data-rel=\"lightbox-gallery-1\" data-magnific_type=\"gallery\"><img src=\"https:\/\/www.teoarkitektura.eus\/wp-content\/uploads\/2023\/01\/DONOSTIA-800x1025.jpg\" width=\"800\" height=\"1025\" alt=\"\" \/><\/a><\/div><div class=\"rl-gallery-item\"><a href=\"https:\/\/www.teoarkitektura.eus\/wp-content\/uploads\/2023\/01\/OROZKO_OK-1.jpg\" title=\"\" data-rl_title=\"\" class=\"rl-gallery-link\" data-rl_caption=\"\" data-rel=\"lightbox-gallery-1\" data-magnific_type=\"gallery\"><img src=\"https:\/\/www.teoarkitektura.eus\/wp-content\/uploads\/2023\/01\/OROZKO_OK-1.jpg\" width=\"699\" height=\"819\" alt=\"\" \/><\/a><\/div><div class=\"rl-gallery-item\"><a href=\"https:\/\/www.teoarkitektura.eus\/wp-content\/uploads\/2023\/01\/IGORRE.jpg\" title=\"\" data-rl_title=\"\" class=\"rl-gallery-link\" data-rl_caption=\"\" data-rel=\"lightbox-gallery-1\" data-magnific_type=\"gallery\"><img src=\"https:\/\/www.teoarkitektura.eus\/wp-content\/uploads\/2023\/01\/IGORRE-800x451.jpg\" width=\"800\" height=\"451\" alt=\"\" \/><\/a><\/div><div class=\"rl-gallery-item\"><a href=\"https:\/\/www.teoarkitektura.eus\/wp-content\/uploads\/2023\/01\/PULLA-AZKARRETA.jpg\" title=\"\" data-rl_title=\"\" class=\"rl-gallery-link\" data-rl_caption=\"\" data-rel=\"lightbox-gallery-1\" data-magnific_type=\"gallery\"><img src=\"https:\/\/www.teoarkitektura.eus\/wp-content\/uploads\/2023\/01\/PULLA-AZKARRETA.jpg\" width=\"480\" height=\"480\" alt=\"\" \/><\/a><\/div><div class=\"rl-gallery-item\"><a href=\"https:\/\/www.teoarkitektura.eus\/wp-content\/uploads\/2023\/01\/MUNGIA.jpg\" title=\"\" data-rl_title=\"\" class=\"rl-gallery-link\" data-rl_caption=\"\" data-rel=\"lightbox-gallery-1\" data-magnific_type=\"gallery\"><img src=\"https:\/\/www.teoarkitektura.eus\/wp-content\/uploads\/2023\/01\/MUNGIA.jpg\" width=\"609\" height=\"609\" alt=\"\" \/><\/a><\/div><div class=\"rl-gallery-item\"><a href=\"https:\/\/www.teoarkitektura.eus\/wp-content\/uploads\/2023\/01\/ASTIGARRAGA.jpg\" title=\"\" data-rl_title=\"\" class=\"rl-gallery-link\" data-rl_caption=\"\" data-rel=\"lightbox-gallery-1\" data-magnific_type=\"gallery\"><img src=\"https:\/\/www.teoarkitektura.eus\/wp-content\/uploads\/2023\/01\/ASTIGARRAGA-800x800.jpg\" width=\"800\" height=\"800\" alt=\"\" \/><\/a><\/div><div class=\"rl-gallery-item\"><a href=\"https:\/\/www.teoarkitektura.eus\/wp-content\/uploads\/2023\/01\/LEGUTIO.jpg\" title=\"\" data-rl_title=\"\" class=\"rl-gallery-link\" data-rl_caption=\"\" data-rel=\"lightbox-gallery-1\" data-magnific_type=\"gallery\"><img src=\"https:\/\/www.teoarkitektura.eus\/wp-content\/uploads\/2023\/01\/LEGUTIO.jpg\" width=\"654\" height=\"654\" alt=\"\" \/><\/a><\/div><div class=\"rl-gallery-item\"><a href=\"https:\/\/www.teoarkitektura.eus\/wp-content\/uploads\/2023\/01\/SOPELA.jpg\" title=\"\" data-rl_title=\"\" class=\"rl-gallery-link\" data-rl_caption=\"\" data-rel=\"lightbox-gallery-1\" data-magnific_type=\"gallery\"><img src=\"https:\/\/www.teoarkitektura.eus\/wp-content\/uploads\/2023\/01\/SOPELA.jpg\" width=\"792\" height=\"792\" alt=\"\" \/><\/a><\/div><div class=\"rl-gallery-item\"><a href=\"https:\/\/www.teoarkitektura.eus\/wp-content\/uploads\/2023\/01\/TOLOSALDEA.jpg\" title=\"\" data-rl_title=\"\" class=\"rl-gallery-link\" data-rl_caption=\"\" data-rel=\"lightbox-gallery-1\" data-magnific_type=\"gallery\"><img src=\"https:\/\/www.teoarkitektura.eus\/wp-content\/uploads\/2023\/01\/TOLOSALDEA-800x800.jpg\" width=\"800\" height=\"800\" alt=\"\" \/><\/a><\/div><div class=\"rl-gallery-item\"><a href=\"https:\/\/www.teoarkitektura.eus\/wp-content\/uploads\/2023\/01\/LEARTIBAI.jpg\" title=\"\" data-rl_title=\"\" class=\"rl-gallery-link\" data-rl_caption=\"\" data-rel=\"lightbox-gallery-1\" data-magnific_type=\"gallery\"><img src=\"https:\/\/www.teoarkitektura.eus\/wp-content\/uploads\/2023\/01\/LEARTIBAI-800x800.jpg\" width=\"800\" height=\"800\" alt=\"\" \/><\/a><\/div> <\/div> <\/div>\n","protected":false},"excerpt":{"rendered":"<p>Evaluaci\u00f3n del Impacto Ling\u00fc\u00edstico El objetivo principal es prever, identificar y evaluar las posibles repercusiones que tienen los proyectos y planes, tanto p\u00fablicos como privados, en la realidad ling\u00fc\u00edstica de un determinado \u00e1mbito territorial (barrio, pueblo, ciudad, comarca). Adem\u00e1s de eso, tambi\u00e9n pretende adoptar las medidas necesarias para reducir y prevenir los posibles da\u00f1os que&hellip;<\/p>\n","protected":false},"author":1,"featured_media":0,"parent":0,"menu_order":6,"comment_status":"closed","ping_status":"closed","template":"","meta":[],"_links":{"self":[{"href":"https:\/\/www.teoarkitektura.eus\/es\/wp-json\/wp\/v2\/pages\/1504"}],"collection":[{"href":"https:\/\/www.teoarkitektura.eus\/es\/wp-json\/wp\/v2\/pages"}],"about":[{"href":"https:\/\/www.teoarkitektura.eus\/es\/wp-json\/wp\/v2\/types\/page"}],"author":[{"embeddable":true,"href":"https:\/\/www.teoarkitektura.eus\/es\/wp-json\/wp\/v2\/users\/1"}],"replies":[{"embeddable":true,"href":"https:\/\/www.teoarkitektura.eus\/es\/wp-json\/wp\/v2\/comments?post=1504"}],"version-history":[{"count":2,"href":"https:\/\/www.teoarkitektura.eus\/es\/wp-json\/wp\/v2\/pages\/1504\/revisions"}],"predecessor-version":[{"id":1860,"href":"https:\/\/www.teoarkitektura.eus\/es\/wp-json\/wp\/v2\/pages\/1504\/revisions\/1860"}],"wp:attachment":[{"href":"https:\/\/www.teoarkitektura.eus\/es\/wp-json\/wp\/v2\/media?parent=1504"}],"curies":[{"name":"wp","href":"https:\/\/api.w.org\/{rel}","templated":true}]}}