{"id":1197,"date":"2018-05-30T21:31:39","date_gmt":"2018-05-30T20:31:39","guid":{"rendered":"https:\/\/www.teoarkitektura.com\/arkitekturaren-hezkuntza-%c2%b7-arch-education\/espazio-publikoan-eskuhartzeak-%c2%b7-public-space\/"},"modified":"2026-04-13T19:18:47","modified_gmt":"2026-04-13T18:18:47","slug":"intervenciones-en-el-espacio-publico","status":"publish","type":"page","link":"https:\/\/www.teoarkitektura.eus\/es\/educacion-en-arquitectura\/intervenciones-en-el-espacio-publico\/","title":{"rendered":"Intervenciones colaborativas en el espacio p\u00fablico"},"content":{"rendered":"\r\n<h1>Intervenciones colaborativas en el espacio p\u00fablico<\/h1>\r\n\r\n\r\n\r\n<div class=\"wp-block-image\">\r\n<figure class=\"aligncenter\"><img decoding=\"async\" loading=\"lazy\" width=\"1200\" height=\"147\" class=\"wp-image-658\" src=\"http:\/\/www.teoarkitektura.com\/wp-content\/uploads\/2019\/01\/logoak_1-1-1200x147.jpg\" alt=\"\" srcset=\"https:\/\/www.teoarkitektura.eus\/wp-content\/uploads\/2019\/01\/logoak_1-1-1200x147.jpg 1200w, https:\/\/www.teoarkitektura.eus\/wp-content\/uploads\/2019\/01\/logoak_1-1-800x98.jpg 800w, https:\/\/www.teoarkitektura.eus\/wp-content\/uploads\/2019\/01\/logoak_1-1-768x94.jpg 768w, https:\/\/www.teoarkitektura.eus\/wp-content\/uploads\/2019\/01\/logoak_1-1.jpg 1619w\" sizes=\"(max-width: 1200px) 100vw, 1200px\" \/><\/figure>\r\n<\/div>\r\n\r\n\r\n<div class=\"rl-gallery-container rl-loading\" id=\"rl-gallery-container-1\" data-gallery_id=\"844\"> <div class=\"rl-gallery rl-basicgrid-gallery \" id=\"rl-gallery-1\" data-gallery_no=\"1\"> <div class=\"rl-gallery-item\"><a href=\"https:\/\/www.teoarkitektura.eus\/wp-content\/uploads\/2019\/04\/04_TEO_imagen-2.jpg\" title=\"\" data-rl_title=\"\" class=\"rl-gallery-link\" data-rl_caption=\"\" data-rel=\"lightbox-gallery-1\" data-magnific_type=\"gallery\"><img src=\"https:\/\/www.teoarkitektura.eus\/wp-content\/uploads\/2019\/04\/04_TEO_imagen-2.jpg\" width=\"756\" height=\"567\" alt=\"\" \/><\/a><\/div><div class=\"rl-gallery-item\"><a href=\"https:\/\/www.teoarkitektura.eus\/wp-content\/uploads\/2019\/04\/04_00_IMG_4677.jpg\" title=\"\" data-rl_title=\"\" class=\"rl-gallery-link\" data-rl_caption=\"\" data-rel=\"lightbox-gallery-1\" data-magnific_type=\"gallery\"><img src=\"https:\/\/www.teoarkitektura.eus\/wp-content\/uploads\/2019\/04\/04_00_IMG_4677-800x539.jpg\" width=\"800\" height=\"539\" alt=\"\" \/><\/a><\/div><div class=\"rl-gallery-item\"><a href=\"https:\/\/www.teoarkitektura.eus\/wp-content\/uploads\/2019\/04\/04_00_IMG_4665.jpg\" title=\"\" data-rl_title=\"\" class=\"rl-gallery-link\" data-rl_caption=\"\" data-rel=\"lightbox-gallery-1\" data-magnific_type=\"gallery\"><img src=\"https:\/\/www.teoarkitektura.eus\/wp-content\/uploads\/2019\/04\/04_00_IMG_4665.jpg\" width=\"756\" height=\"567\" alt=\"\" \/><\/a><\/div><div class=\"rl-gallery-item\"><a href=\"https:\/\/www.teoarkitektura.eus\/wp-content\/uploads\/2019\/04\/01_00_IMG_9658_txik.jpg\" title=\"\" data-rl_title=\"\" class=\"rl-gallery-link\" data-rl_caption=\"\" data-rel=\"lightbox-gallery-1\" data-magnific_type=\"gallery\"><img src=\"https:\/\/www.teoarkitektura.eus\/wp-content\/uploads\/2019\/04\/01_00_IMG_9658_txik-800x534.jpg\" width=\"800\" height=\"534\" alt=\"\" \/><\/a><\/div><div class=\"rl-gallery-item\"><a href=\"https:\/\/www.teoarkitektura.eus\/wp-content\/uploads\/2019\/04\/01_00_1_IMG_9587_txik.jpg\" title=\"\" data-rl_title=\"\" class=\"rl-gallery-link\" data-rl_caption=\"\" data-rel=\"lightbox-gallery-1\" data-magnific_type=\"gallery\"><img src=\"https:\/\/www.teoarkitektura.eus\/wp-content\/uploads\/2019\/04\/01_00_1_IMG_9587_txik-800x534.jpg\" width=\"800\" height=\"534\" alt=\"\" \/><\/a><\/div><div class=\"rl-gallery-item\"><a href=\"https:\/\/www.teoarkitektura.eus\/wp-content\/uploads\/2019\/04\/01_00_IMG_9645_txik.jpg\" title=\"\" data-rl_title=\"\" class=\"rl-gallery-link\" data-rl_caption=\"\" data-rel=\"lightbox-gallery-1\" data-magnific_type=\"gallery\"><img src=\"https:\/\/www.teoarkitektura.eus\/wp-content\/uploads\/2019\/04\/01_00_IMG_9645_txik-800x534.jpg\" width=\"800\" height=\"534\" alt=\"\" \/><\/a><\/div><div class=\"rl-gallery-item\"><a href=\"https:\/\/www.teoarkitektura.eus\/wp-content\/uploads\/2019\/04\/13333008_1152900574740533_.jpg\" title=\"\" data-rl_title=\"\" class=\"rl-gallery-link\" data-rl_caption=\"\" data-rel=\"lightbox-gallery-1\" data-magnific_type=\"gallery\"><img src=\"https:\/\/www.teoarkitektura.eus\/wp-content\/uploads\/2019\/04\/13333008_1152900574740533_.jpg\" width=\"756\" height=\"567\" alt=\"\" \/><\/a><\/div><div class=\"rl-gallery-item\"><a href=\"https:\/\/www.teoarkitektura.eus\/wp-content\/uploads\/2019\/04\/13346544_1152900601407197_.jpg\" title=\"\" data-rl_title=\"\" class=\"rl-gallery-link\" data-rl_caption=\"\" data-rel=\"lightbox-gallery-1\" data-magnific_type=\"gallery\"><img src=\"https:\/\/www.teoarkitektura.eus\/wp-content\/uploads\/2019\/04\/13346544_1152900601407197_.jpg\" width=\"756\" height=\"567\" alt=\"\" \/><\/a><\/div><div class=\"rl-gallery-item\"><a href=\"https:\/\/www.teoarkitektura.eus\/wp-content\/uploads\/2019\/04\/13312825_1152901051407152_.jpg\" title=\"\" data-rl_title=\"\" class=\"rl-gallery-link\" data-rl_caption=\"\" data-rel=\"lightbox-gallery-1\" data-magnific_type=\"gallery\"><img src=\"https:\/\/www.teoarkitektura.eus\/wp-content\/uploads\/2019\/04\/13312825_1152901051407152_.jpg\" width=\"439\" height=\"567\" alt=\"\" \/><\/a><\/div><div class=\"rl-gallery-item\"><a href=\"https:\/\/www.teoarkitektura.eus\/wp-content\/uploads\/2019\/04\/02_IMG_5384.jpg\" title=\"\" data-rl_title=\"\" class=\"rl-gallery-link\" data-rl_caption=\"\" data-rel=\"lightbox-gallery-1\" data-magnific_type=\"gallery\"><img src=\"https:\/\/www.teoarkitektura.eus\/wp-content\/uploads\/2019\/04\/02_IMG_5384-800x500.jpg\" width=\"800\" height=\"500\" alt=\"\" \/><\/a><\/div><div class=\"rl-gallery-item\"><a href=\"https:\/\/www.teoarkitektura.eus\/wp-content\/uploads\/2019\/04\/07_IMG_5479.jpg\" title=\"\" data-rl_title=\"\" class=\"rl-gallery-link\" data-rl_caption=\"\" data-rel=\"lightbox-gallery-1\" data-magnific_type=\"gallery\"><img src=\"https:\/\/www.teoarkitektura.eus\/wp-content\/uploads\/2019\/04\/07_IMG_5479.jpg\" width=\"756\" height=\"567\" alt=\"\" \/><\/a><\/div><div class=\"rl-gallery-item\"><a href=\"https:\/\/www.teoarkitektura.eus\/wp-content\/uploads\/2019\/04\/07_DSC_1209.jpg\" title=\"\" data-rl_title=\"\" class=\"rl-gallery-link\" data-rl_caption=\"\" data-rel=\"lightbox-gallery-1\" data-magnific_type=\"gallery\"><img src=\"https:\/\/www.teoarkitektura.eus\/wp-content\/uploads\/2019\/04\/07_DSC_1209.jpg\" width=\"391\" height=\"567\" alt=\"\" \/><\/a><\/div><div class=\"rl-gallery-item\"><a href=\"https:\/\/www.teoarkitektura.eus\/wp-content\/uploads\/2019\/04\/03_b_IMG_4842.jpg\" title=\"\" data-rl_title=\"\" class=\"rl-gallery-link\" data-rl_caption=\"\" data-rel=\"lightbox-gallery-1\" data-magnific_type=\"gallery\"><img src=\"https:\/\/www.teoarkitektura.eus\/wp-content\/uploads\/2019\/04\/03_b_IMG_4842-800x566.jpg\" width=\"800\" height=\"566\" alt=\"\" \/><\/a><\/div><div class=\"rl-gallery-item\"><a href=\"https:\/\/www.teoarkitektura.eus\/wp-content\/uploads\/2019\/04\/03_IMG_4920.jpg\" title=\"\" data-rl_title=\"\" class=\"rl-gallery-link\" data-rl_caption=\"\" data-rel=\"lightbox-gallery-1\" data-magnific_type=\"gallery\"><img src=\"https:\/\/www.teoarkitektura.eus\/wp-content\/uploads\/2019\/04\/03_IMG_4920-800x505.jpg\" width=\"800\" height=\"505\" alt=\"\" \/><\/a><\/div><div class=\"rl-gallery-item\"><a href=\"https:\/\/www.teoarkitektura.eus\/wp-content\/uploads\/2019\/04\/03_c_IMG_4864.jpg\" title=\"\" data-rl_title=\"\" class=\"rl-gallery-link\" data-rl_caption=\"\" data-rel=\"lightbox-gallery-1\" data-magnific_type=\"gallery\"><img src=\"https:\/\/www.teoarkitektura.eus\/wp-content\/uploads\/2019\/04\/03_c_IMG_4864.jpg\" width=\"755\" height=\"567\" alt=\"\" \/><\/a><\/div><div class=\"rl-gallery-item\"><a href=\"https:\/\/www.teoarkitektura.eus\/wp-content\/uploads\/2019\/04\/0_CIMG6556.jpg\" title=\"\" data-rl_title=\"\" class=\"rl-gallery-link\" data-rl_caption=\"\" data-rel=\"lightbox-gallery-1\" data-magnific_type=\"gallery\"><img src=\"https:\/\/www.teoarkitektura.eus\/wp-content\/uploads\/2019\/04\/0_CIMG6556.jpg\" width=\"756\" height=\"567\" alt=\"\" \/><\/a><\/div><div class=\"rl-gallery-item\"><a href=\"https:\/\/www.teoarkitektura.eus\/wp-content\/uploads\/2019\/04\/02_0_DSC_0356.jpg\" title=\"\" data-rl_title=\"\" class=\"rl-gallery-link\" data-rl_caption=\"\" data-rel=\"lightbox-gallery-1\" data-magnific_type=\"gallery\"><img src=\"https:\/\/www.teoarkitektura.eus\/wp-content\/uploads\/2019\/04\/02_0_DSC_0356-800x473.jpg\" width=\"800\" height=\"473\" alt=\"\" \/><\/a><\/div><div class=\"rl-gallery-item\"><a href=\"https:\/\/www.teoarkitektura.eus\/wp-content\/uploads\/2019\/04\/02_IMG_8992.jpg\" title=\"\" data-rl_title=\"\" class=\"rl-gallery-link\" data-rl_caption=\"\" data-rel=\"lightbox-gallery-1\" data-magnific_type=\"gallery\"><img src=\"https:\/\/www.teoarkitektura.eus\/wp-content\/uploads\/2019\/04\/02_IMG_8992.jpg\" width=\"756\" height=\"567\" alt=\"\" \/><\/a><\/div> <\/div> <\/div>\n\r\n\r\n\r\n<p class=\"has-text-align-center\"><strong>..<\/strong>.<\/p>\r\n\r\n\r\n\r\n<p><em>Formamos parte del colectivo <\/em><a href=\"https:\/\/www.facebook.com\/txikiark\/?ref=bookmarks\" target=\"_blank\" rel=\"noopener\"><strong><em>Txikiark\u00a0<\/em><\/strong><\/a><em>y\u00a0como parte del mismo hemos colaborado en diferentes proyectos de intervenci\u00f3n en espacio p\u00fablico como Jugark (en espacios p\u00fablicos entre Bilbao y Santander), Txikimaps I y II (en colaboraci\u00f3n con C\u00e1ritas Bizkaia), o\u00a0 Jolastour (en Donostia-San Sebasti\u00e1n).<\/em><\/p>\r\n\r\n\r\n\r\n<p><em>Tambi\u00e9n hemos desarrollado intervenciones de manera individual como el proyecto Parkeartean, dentro del festival Kaleartean (2016).<\/em><\/p>\r\n\r\n\r\n\r\n<p class=\"has-text-align-center\">.<\/p>\r\n\r\n\r\n\r\n<h2 class=\"has-text-align-center\">Promotores<\/h2>\r\n\r\n\r\n\r\n<p>&nbsp;<\/p>\r\n\r\n\r\n\r\n<p>&nbsp;<\/p>\r\n\r\n\r\n\r\n<figure class=\"wp-block-image\"><img decoding=\"async\" loading=\"lazy\" width=\"1200\" height=\"110\" class=\"wp-image-666\" src=\"http:\/\/www.teoarkitektura.com\/wp-content\/uploads\/2019\/01\/logoak_2-1200x110.jpg\" alt=\"\" srcset=\"https:\/\/www.teoarkitektura.eus\/wp-content\/uploads\/2019\/01\/logoak_2-1200x110.jpg 1200w, https:\/\/www.teoarkitektura.eus\/wp-content\/uploads\/2019\/01\/logoak_2-800x73.jpg 800w, https:\/\/www.teoarkitektura.eus\/wp-content\/uploads\/2019\/01\/logoak_2-768x70.jpg 768w, https:\/\/www.teoarkitektura.eus\/wp-content\/uploads\/2019\/01\/logoak_2-1920x176.jpg 1920w\" sizes=\"(max-width: 1200px) 100vw, 1200px\" \/><\/figure>\r\n\r\n\r\n\r\n<p class=\"has-text-align-center\">.<\/p>\r\n\r\n\r\n\r\n<h3 class=\"has-text-align-center\">Parkeartean proiektua (Kaleartean 2016):<\/h3>\r\n\r\n\r\n<p><iframe loading=\"lazy\" title=\"KALEARTEAN 2016 | Haurrentzako ekintza \/\/ Actividad para ni\u00f1os\/as\" width=\"930\" height=\"523\" src=\"https:\/\/www.youtube.com\/embed\/ZhpfnFJ5s3g?feature=oembed\" frameborder=\"0\" allow=\"accelerometer; autoplay; clipboard-write; encrypted-media; gyroscope; picture-in-picture; web-share\" referrerpolicy=\"strict-origin-when-cross-origin\" allowfullscreen><\/iframe><\/p>\n\r\n\r\n\r\n<h3 class=\"has-text-align-center\">Jolastour proiektua:<\/h3>\r\n\r\n\r\n\r\n<figure class=\"wp-block-video\"><video src=\"http:\/\/www.teoarkitektura.com\/wp-content\/uploads\/2019\/04\/IMG_5481.mp4\" controls=\"controls\" width=\"100%\" height=\"150\"><\/video><\/figure>\r\n\r\n\r\n\r\n<h3 class=\"has-text-align-center\">Txikimaps I eta II proiektuak:<\/h3>\r\n\r\n\r\n\r\n<figure class=\"wp-block-embed is-type-video is-provider-youtube wp-block-embed-youtube wp-embed-aspect-16-9 wp-has-aspect-ratio\">\r\n<div class=\"wp-block-embed__wrapper\">https:\/\/www.youtube.com\/watch?v=EuHEVDzPCxw<\/div>\r\n<\/figure>\r\n\r\n\r\n<p><iframe loading=\"lazy\" title=\"TxikiMAPS: BI\" width=\"930\" height=\"523\" src=\"https:\/\/www.youtube.com\/embed\/7xEX6QSgubI?feature=oembed\" frameborder=\"0\" allow=\"accelerometer; autoplay; clipboard-write; encrypted-media; gyroscope; picture-in-picture; web-share\" referrerpolicy=\"strict-origin-when-cross-origin\" allowfullscreen><\/iframe><\/p>\n\r\n\r\n\r\n<p class=\"has-text-align-center\">.<\/p>\r\n\r\n\r\n\r\n<h3 class=\"has-text-align-center\">Jugark proiektua:<\/h3>\r\n\r\n\r\n<p><iframe style=\"border: none; width: 100%; height: 500px;\" src=\"https:\/\/e.issuu.com\/anonymous-embed.html?u=phpositivo&amp;d=jugark_memoria_txostena\" allowfullscreen=\"allowfullscreen\"><\/iframe><\/p>\n","protected":false},"excerpt":{"rendered":"<p>Intervenciones colaborativas en el espacio p\u00fablico &#8230; Formamos parte del colectivo Txikiark\u00a0y\u00a0como parte del mismo hemos colaborado en diferentes proyectos de intervenci\u00f3n en espacio p\u00fablico como Jugark (en espacios p\u00fablicos entre Bilbao y Santander), Txikimaps I y II (en colaboraci\u00f3n con C\u00e1ritas Bizkaia), o\u00a0 Jolastour (en Donostia-San Sebasti\u00e1n). Tambi\u00e9n hemos desarrollado intervenciones de manera individual&hellip;<\/p>\n","protected":false},"author":1,"featured_media":0,"parent":1193,"menu_order":2,"comment_status":"closed","ping_status":"closed","template":"","meta":[],"_links":{"self":[{"href":"https:\/\/www.teoarkitektura.eus\/es\/wp-json\/wp\/v2\/pages\/1197"}],"collection":[{"href":"https:\/\/www.teoarkitektura.eus\/es\/wp-json\/wp\/v2\/pages"}],"about":[{"href":"https:\/\/www.teoarkitektura.eus\/es\/wp-json\/wp\/v2\/types\/page"}],"author":[{"embeddable":true,"href":"https:\/\/www.teoarkitektura.eus\/es\/wp-json\/wp\/v2\/users\/1"}],"replies":[{"embeddable":true,"href":"https:\/\/www.teoarkitektura.eus\/es\/wp-json\/wp\/v2\/comments?post=1197"}],"version-history":[{"count":2,"href":"https:\/\/www.teoarkitektura.eus\/es\/wp-json\/wp\/v2\/pages\/1197\/revisions"}],"predecessor-version":[{"id":1882,"href":"https:\/\/www.teoarkitektura.eus\/es\/wp-json\/wp\/v2\/pages\/1197\/revisions\/1882"}],"up":[{"embeddable":true,"href":"https:\/\/www.teoarkitektura.eus\/es\/wp-json\/wp\/v2\/pages\/1193"}],"wp:attachment":[{"href":"https:\/\/www.teoarkitektura.eus\/es\/wp-json\/wp\/v2\/media?parent=1197"}],"curies":[{"name":"wp","href":"https:\/\/api.w.org\/{rel}","templated":true}]}}