{"id":1193,"date":"2018-01-16T23:59:04","date_gmt":"2018-01-16T22:59:04","guid":{"rendered":"https:\/\/www.teoarkitektura.com\/arkitekturaren-hezkuntza-%c2%b7-arch-education\/"},"modified":"2022-03-24T09:45:49","modified_gmt":"2022-03-24T08:45:49","slug":"educacion-en-arquitectura","status":"publish","type":"page","link":"https:\/\/www.teoarkitektura.eus\/es\/educacion-en-arquitectura\/","title":{"rendered":"Educaci\u00f3n y Arquitectura"},"content":{"rendered":"\r\n<h2>\u00a0<\/h2>\r\n\r\n<div style=\"width: 930px;\" class=\"wp-video\"><!--[if lt IE 9]><script>document.createElement('video');<\/script><![endif]-->\n<video class=\"wp-video-shortcode\" id=\"video-1193-1\" width=\"930\" height=\"698\" autoplay=\"1\" preload=\"metadata\" controls=\"controls\"><source type=\"video\/mp4\" src=\"http:\/\/www.teoarkitektura.com\/wp-content\/uploads\/2018\/07\/AURKEZPENA-TEO_TEO-ARKIBIRAK-BAKARRIK_03.mp4?_=1\" \/><a href=\"http:\/\/www.teoarkitektura.com\/wp-content\/uploads\/2018\/07\/AURKEZPENA-TEO_TEO-ARKIBIRAK-BAKARRIK_03.mp4\" target=\"_blank\" rel=\"noopener\">http:\/\/www.teoarkitektura.com\/wp-content\/uploads\/2018\/07\/AURKEZPENA-TEO_TEO-ARKIBIRAK-BAKARRIK_03.mp4<\/a><\/video><\/div>\r\n\r\n<p class=\"has-text-align-center\">.<\/p>\r\n\r\n\r\n\r\n<p>TEO Arkibiraken <strong>arkitekturaren hezkuntza<\/strong>ren inguruko proiektuak garatzen ditugu. Arlo honetan, batez ere hiru lan lerro lantzen ditugu: erakunde ezberdinetan arkitektura tailerrak ematea, umeekin espazio publikoan parte-hartze eta esku-hartze proiektua garatzea eta hezkuntza zentroetan arkitektura programak abian jartzea.<\/p>\r\n\r\n\r\n\r\n<p><strong><a href=\"http:\/\/www.asociacionludantia.org\/teoarkitektura\/\" target=\"_blank\" rel=\"noopener\">TEO Arkitektura<\/a><\/strong> <strong><a href=\"http:\/\/www.asociacionludantia.org\/\" target=\"_blank\" rel=\"noopener\">Ludantia Elkartea<\/a><\/strong>ren bazki sarearen parte gara, arkitektura, hezkuntza eta haurtzaro-gaztezaroaren inguruan lan egiten duten <a href=\"http:\/\/www.asociacionludantia.org\/agentes\/\" target=\"_blank\" rel=\"noopener\">eragile<\/a> taldea berau.<\/p>\r\n\r\n\r\n\r\n<p class=\"has-text-align-center\"><strong>&#8230;<\/strong><\/p>\r\n\r\n\r\n\r\n<p><em>En el proyecto TEO Arkibiriak\u00a0desarrollamos proyectos relacionados con la <\/em><strong><em>educaci\u00f3n en arquitectura<\/em><\/strong><em>. En este aspecto tenemos principalmente tres l\u00edneas de trabajo: impartici\u00f3n de talleres de arquitectura en diferentes instituciones y entidades, proyectos de participaci\u00f3n e intervenci\u00f3n en espacio p\u00fablico con ni\u00f1+s, e impartici\u00f3n de programas de arquitectura en centros escolares.<\/em><\/p>\r\n\r\n\r\n\r\n<p><a href=\"http:\/\/www.asociacionludantia.org\/teoarkitektura\/\" target=\"_blank\" rel=\"noopener\"><strong><em>TEO Arkitektura<\/em><\/strong><\/a><em> somos parte de la red de socios de <\/em><strong><a href=\"http:\/\/www.asociacionludantia.org\/\" target=\"_blank\" rel=\"noopener\"><em>Asociaci\u00f3n Ludantia<\/em><\/a><\/strong><em>, grupo de <\/em><a href=\"http:\/\/www.asociacionludantia.org\/agentes\/\" target=\"_blank\" rel=\"noopener\"><em>agentes<\/em><\/a><em> que trabaja en torno al di\u00e1logo entre arquitectura, educaci\u00f3n e infancia-juventud.<\/em><\/p>\r\n\r\n\r\n\r\n<p class=\"has-text-align-center\">.<\/p>\r\n\r\n\r\n\r\n<figure class=\"wp-block-image\"><img decoding=\"async\" loading=\"lazy\" width=\"850\" height=\"141\" class=\"wp-image-930\" src=\"http:\/\/www.teoarkitektura.com\/wp-content\/uploads\/2019\/04\/txikiark_ludantia.jpg\" alt=\"\" srcset=\"https:\/\/www.teoarkitektura.eus\/wp-content\/uploads\/2019\/04\/txikiark_ludantia.jpg 850w, https:\/\/www.teoarkitektura.eus\/wp-content\/uploads\/2019\/04\/txikiark_ludantia-800x133.jpg 800w, https:\/\/www.teoarkitektura.eus\/wp-content\/uploads\/2019\/04\/txikiark_ludantia-768x127.jpg 768w\" sizes=\"(max-width: 850px) 100vw, 850px\" \/><\/figure>\r\n\r\n\r\n\r\n<p>&nbsp;<\/p>\r\n\r\n\r\n\r\n<h2 class=\"has-text-align-center\">Kolaboratzaileak \u00b7 Collaborators <\/h2>\r\n\r\n\r\n\r\n<figure class=\"wp-block-image\"><img decoding=\"async\" loading=\"lazy\" width=\"1200\" height=\"127\" class=\"wp-image-927\" src=\"http:\/\/www.teoarkitektura.com\/wp-content\/uploads\/2019\/04\/kolaboratzaileak-1200x127.jpg\" alt=\"\" srcset=\"https:\/\/www.teoarkitektura.eus\/wp-content\/uploads\/2019\/04\/kolaboratzaileak-1200x127.jpg 1200w, https:\/\/www.teoarkitektura.eus\/wp-content\/uploads\/2019\/04\/kolaboratzaileak-800x85.jpg 800w, https:\/\/www.teoarkitektura.eus\/wp-content\/uploads\/2019\/04\/kolaboratzaileak-768x82.jpg 768w, https:\/\/www.teoarkitektura.eus\/wp-content\/uploads\/2019\/04\/kolaboratzaileak-1920x204.jpg 1920w\" sizes=\"(max-width: 1200px) 100vw, 1200px\" \/><\/figure>\r\n","protected":false},"excerpt":{"rendered":"<p>\u00a0 . TEO Arkibiraken arkitekturaren hezkuntzaren inguruko proiektuak garatzen ditugu. Arlo honetan, batez ere hiru lan lerro lantzen ditugu: erakunde ezberdinetan arkitektura tailerrak ematea, umeekin espazio publikoan parte-hartze eta esku-hartze proiektua garatzea eta hezkuntza zentroetan arkitektura programak abian jartzea. TEO Arkitektura Ludantia Elkartearen bazki sarearen parte gara, arkitektura, hezkuntza eta haurtzaro-gaztezaroaren inguruan lan egiten duten&hellip;<\/p>\n","protected":false},"author":1,"featured_media":0,"parent":0,"menu_order":5,"comment_status":"closed","ping_status":"closed","template":"","meta":[],"_links":{"self":[{"href":"https:\/\/www.teoarkitektura.eus\/es\/wp-json\/wp\/v2\/pages\/1193"}],"collection":[{"href":"https:\/\/www.teoarkitektura.eus\/es\/wp-json\/wp\/v2\/pages"}],"about":[{"href":"https:\/\/www.teoarkitektura.eus\/es\/wp-json\/wp\/v2\/types\/page"}],"author":[{"embeddable":true,"href":"https:\/\/www.teoarkitektura.eus\/es\/wp-json\/wp\/v2\/users\/1"}],"replies":[{"embeddable":true,"href":"https:\/\/www.teoarkitektura.eus\/es\/wp-json\/wp\/v2\/comments?post=1193"}],"version-history":[{"count":0,"href":"https:\/\/www.teoarkitektura.eus\/es\/wp-json\/wp\/v2\/pages\/1193\/revisions"}],"wp:attachment":[{"href":"https:\/\/www.teoarkitektura.eus\/es\/wp-json\/wp\/v2\/media?parent=1193"}],"curies":[{"name":"wp","href":"https:\/\/api.w.org\/{rel}","templated":true}]}}