{"id":1190,"date":"2018-01-16T23:58:55","date_gmt":"2018-01-16T22:58:55","guid":{"rendered":"https:\/\/www.teoarkitektura.com\/ondarearen-birgaitzea-%c2%b7-heritage-rehabilitation\/"},"modified":"2023-05-31T08:18:38","modified_gmt":"2023-05-31T07:18:38","slug":"rehabilitacion-patrimonial","status":"publish","type":"page","link":"https:\/\/www.teoarkitektura.eus\/es\/rehabilitacion-patrimonial\/","title":{"rendered":"Rehabilitaci\u00f3n patrimonial"},"content":{"rendered":"<p><img decoding=\"async\" loading=\"lazy\" class=\"aligncenter wp-image-1518\" src=\"https:\/\/www.teoarkitektura.com\/wp-content\/uploads\/2022\/03\/Logo-horizontala-800x218.jpg\" alt=\"\" width=\"238\" height=\"65\" srcset=\"https:\/\/www.teoarkitektura.eus\/wp-content\/uploads\/2022\/03\/Logo-horizontala-800x218.jpg 800w, https:\/\/www.teoarkitektura.eus\/wp-content\/uploads\/2022\/03\/Logo-horizontala-1200x327.jpg 1200w, https:\/\/www.teoarkitektura.eus\/wp-content\/uploads\/2022\/03\/Logo-horizontala-768x209.jpg 768w, https:\/\/www.teoarkitektura.eus\/wp-content\/uploads\/2022\/03\/Logo-horizontala-1536x418.jpg 1536w, https:\/\/www.teoarkitektura.eus\/wp-content\/uploads\/2022\/03\/Logo-horizontala-2048x558.jpg 2048w, https:\/\/www.teoarkitektura.eus\/wp-content\/uploads\/2022\/03\/Logo-horizontala-1920x523.jpg 1920w\" sizes=\"(max-width: 238px) 100vw, 238px\" \/><\/p>\n<h1>Rehabilitaci\u00f3n patrimonial<\/h1>\n<div class=\"rl-gallery-container rl-loading\" id=\"rl-gallery-container-1\" data-gallery_id=\"372\"> <div class=\"rl-gallery rl-basicgrid-gallery rl-hover-effect-4 rl-hover-icon-9\" id=\"rl-gallery-1\" data-gallery_no=\"1\"> <div class=\"rl-gallery-item\"><a href=\"https:\/\/www.teoarkitektura.eus\/wp-content\/uploads\/2023\/09\/A_FO.jpg\" title=\"\" data-rl_title=\"\" class=\"rl-gallery-link\" data-rl_caption=\"\" data-rel=\"lightbox-gallery-1\" data-magnific_type=\"gallery\"><img src=\"https:\/\/www.teoarkitektura.eus\/wp-content\/uploads\/2023\/09\/A_FO-800x600.jpg\" width=\"800\" height=\"600\" alt=\"\" \/><\/a><\/div><div class=\"rl-gallery-item\"><a href=\"https:\/\/www.teoarkitektura.eus\/wp-content\/uploads\/2023\/09\/B_IMG_6039.jpeg\" title=\"\" data-rl_title=\"\" class=\"rl-gallery-link\" data-rl_caption=\"\" data-rel=\"lightbox-gallery-1\" data-magnific_type=\"gallery\"><img src=\"https:\/\/www.teoarkitektura.eus\/wp-content\/uploads\/2023\/09\/B_IMG_6039-800x600.jpeg\" width=\"800\" height=\"600\" alt=\"\" \/><\/a><\/div><div class=\"rl-gallery-item\"><a href=\"https:\/\/www.teoarkitektura.eus\/wp-content\/uploads\/2023\/09\/C_IMG_1226-scaled.jpg\" title=\"\" data-rl_title=\"\" class=\"rl-gallery-link\" data-rl_caption=\"\" data-rel=\"lightbox-gallery-1\" data-magnific_type=\"gallery\"><img src=\"https:\/\/www.teoarkitektura.eus\/wp-content\/uploads\/2023\/09\/C_IMG_1226-800x533.jpg\" width=\"800\" height=\"533\" alt=\"\" \/><\/a><\/div><div class=\"rl-gallery-item\"><a href=\"https:\/\/www.teoarkitektura.eus\/wp-content\/uploads\/2023\/05\/01_2304002AR-3.jpg\" title=\"\" data-rl_title=\"\" class=\"rl-gallery-link\" data-rl_caption=\"\" data-rel=\"lightbox-gallery-1\" data-magnific_type=\"gallery\"><img src=\"https:\/\/www.teoarkitektura.eus\/wp-content\/uploads\/2023\/05\/01_2304002AR-3-800x640.jpg\" width=\"800\" height=\"640\" alt=\"\" \/><\/a><\/div><div class=\"rl-gallery-item\"><a href=\"https:\/\/www.teoarkitektura.eus\/wp-content\/uploads\/2023\/05\/02_2304002AR-14.jpg\" title=\"\" data-rl_title=\"\" class=\"rl-gallery-link\" data-rl_caption=\"\" data-rel=\"lightbox-gallery-1\" data-magnific_type=\"gallery\"><img src=\"https:\/\/www.teoarkitektura.eus\/wp-content\/uploads\/2023\/05\/02_2304002AR-14-800x533.jpg\" width=\"800\" height=\"533\" alt=\"\" \/><\/a><\/div><div class=\"rl-gallery-item\"><a href=\"https:\/\/www.teoarkitektura.eus\/wp-content\/uploads\/2023\/05\/03_2304002AR-4.jpg\" title=\"\" data-rl_title=\"\" class=\"rl-gallery-link\" data-rl_caption=\"\" data-rel=\"lightbox-gallery-1\" data-magnific_type=\"gallery\"><img src=\"https:\/\/www.teoarkitektura.eus\/wp-content\/uploads\/2023\/05\/03_2304002AR-4-800x533.jpg\" width=\"800\" height=\"533\" alt=\"\" \/><\/a><\/div><div class=\"rl-gallery-item\"><a href=\"https:\/\/www.teoarkitektura.eus\/wp-content\/uploads\/2023\/05\/09_2304002AR-9.jpg\" title=\"\" data-rl_title=\"\" class=\"rl-gallery-link\" data-rl_caption=\"\" data-rel=\"lightbox-gallery-1\" data-magnific_type=\"gallery\"><img src=\"https:\/\/www.teoarkitektura.eus\/wp-content\/uploads\/2023\/05\/09_2304002AR-9-800x534.jpg\" width=\"800\" height=\"534\" alt=\"\" \/><\/a><\/div><div class=\"rl-gallery-item\"><a href=\"https:\/\/www.teoarkitektura.eus\/wp-content\/uploads\/2023\/05\/08_2304002AR-13.jpg\" title=\"\" data-rl_title=\"\" class=\"rl-gallery-link\" data-rl_caption=\"\" data-rel=\"lightbox-gallery-1\" data-magnific_type=\"gallery\"><img src=\"https:\/\/www.teoarkitektura.eus\/wp-content\/uploads\/2023\/05\/08_2304002AR-13-800x1000.jpg\" width=\"800\" height=\"1000\" alt=\"\" \/><\/a><\/div><div class=\"rl-gallery-item\"><a href=\"https:\/\/www.teoarkitektura.eus\/wp-content\/uploads\/2023\/05\/07_2304002AR-12.jpg\" title=\"\" data-rl_title=\"\" class=\"rl-gallery-link\" data-rl_caption=\"\" data-rel=\"lightbox-gallery-1\" data-magnific_type=\"gallery\"><img src=\"https:\/\/www.teoarkitektura.eus\/wp-content\/uploads\/2023\/05\/07_2304002AR-12-800x640.jpg\" width=\"800\" height=\"640\" alt=\"\" \/><\/a><\/div><div class=\"rl-gallery-item\"><a href=\"https:\/\/www.teoarkitektura.eus\/wp-content\/uploads\/2023\/05\/04_2304002AR-6.jpg\" title=\"\" data-rl_title=\"\" class=\"rl-gallery-link\" data-rl_caption=\"\" data-rel=\"lightbox-gallery-1\" data-magnific_type=\"gallery\"><img src=\"https:\/\/www.teoarkitektura.eus\/wp-content\/uploads\/2023\/05\/04_2304002AR-6-800x640.jpg\" width=\"800\" height=\"640\" alt=\"\" \/><\/a><\/div><div class=\"rl-gallery-item\"><a href=\"https:\/\/www.teoarkitektura.eus\/wp-content\/uploads\/2023\/05\/05_2304002AR-11.jpg\" title=\"\" data-rl_title=\"\" class=\"rl-gallery-link\" data-rl_caption=\"\" data-rel=\"lightbox-gallery-1\" data-magnific_type=\"gallery\"><img src=\"https:\/\/www.teoarkitektura.eus\/wp-content\/uploads\/2023\/05\/05_2304002AR-11-800x640.jpg\" width=\"800\" height=\"640\" alt=\"\" \/><\/a><\/div><div class=\"rl-gallery-item\"><a href=\"https:\/\/www.teoarkitektura.eus\/wp-content\/uploads\/2023\/05\/06_2304002AR-10.jpg\" title=\"\" data-rl_title=\"\" class=\"rl-gallery-link\" data-rl_caption=\"\" data-rel=\"lightbox-gallery-1\" data-magnific_type=\"gallery\"><img src=\"https:\/\/www.teoarkitektura.eus\/wp-content\/uploads\/2023\/05\/06_2304002AR-10-800x640.jpg\" width=\"800\" height=\"640\" alt=\"\" \/><\/a><\/div><div class=\"rl-gallery-item\"><a href=\"https:\/\/www.teoarkitektura.eus\/wp-content\/uploads\/2023\/05\/10_2304002AR-18.jpg\" title=\"\" data-rl_title=\"\" class=\"rl-gallery-link\" data-rl_caption=\"\" data-rel=\"lightbox-gallery-1\" data-magnific_type=\"gallery\"><img src=\"https:\/\/www.teoarkitektura.eus\/wp-content\/uploads\/2023\/05\/10_2304002AR-18-800x640.jpg\" width=\"800\" height=\"640\" alt=\"\" \/><\/a><\/div><div class=\"rl-gallery-item\"><a href=\"https:\/\/www.teoarkitektura.eus\/wp-content\/uploads\/2023\/05\/11_2304002AR-1.jpg\" title=\"\" data-rl_title=\"\" class=\"rl-gallery-link\" data-rl_caption=\"\" data-rel=\"lightbox-gallery-1\" data-magnific_type=\"gallery\"><img src=\"https:\/\/www.teoarkitektura.eus\/wp-content\/uploads\/2023\/05\/11_2304002AR-1-800x640.jpg\" width=\"800\" height=\"640\" alt=\"\" \/><\/a><\/div><div class=\"rl-gallery-item\"><a href=\"https:\/\/www.teoarkitektura.eus\/wp-content\/uploads\/2023\/05\/12_2304002AR-20.jpg\" title=\"\" data-rl_title=\"\" class=\"rl-gallery-link\" data-rl_caption=\"\" data-rel=\"lightbox-gallery-1\" data-magnific_type=\"gallery\"><img src=\"https:\/\/www.teoarkitektura.eus\/wp-content\/uploads\/2023\/05\/12_2304002AR-20-800x1067.jpg\" width=\"800\" height=\"1067\" alt=\"\" \/><\/a><\/div><div class=\"rl-gallery-item\"><a href=\"https:\/\/www.teoarkitektura.eus\/wp-content\/uploads\/2023\/02\/03-3-scaled.jpg\" title=\"\" data-rl_title=\"\" class=\"rl-gallery-link\" data-rl_caption=\"\" data-rel=\"lightbox-gallery-1\" data-magnific_type=\"gallery\"><img src=\"https:\/\/www.teoarkitektura.eus\/wp-content\/uploads\/2023\/02\/03-3-800x450.jpg\" width=\"800\" height=\"450\" alt=\"\" \/><\/a><\/div><div class=\"rl-gallery-item\"><a href=\"https:\/\/www.teoarkitektura.eus\/wp-content\/uploads\/2023\/02\/03-2-scaled.jpg\" title=\"\" data-rl_title=\"\" class=\"rl-gallery-link\" data-rl_caption=\"\" data-rel=\"lightbox-gallery-1\" data-magnific_type=\"gallery\"><img src=\"https:\/\/www.teoarkitektura.eus\/wp-content\/uploads\/2023\/02\/03-2-800x449.jpg\" width=\"800\" height=\"449\" alt=\"\" \/><\/a><\/div><div class=\"rl-gallery-item\"><a href=\"https:\/\/www.teoarkitektura.eus\/wp-content\/uploads\/2023\/02\/01-3-scaled.jpg\" title=\"\" data-rl_title=\"\" class=\"rl-gallery-link\" data-rl_caption=\"\" data-rel=\"lightbox-gallery-1\" data-magnific_type=\"gallery\"><img src=\"https:\/\/www.teoarkitektura.eus\/wp-content\/uploads\/2023\/02\/01-3-800x450.jpg\" width=\"800\" height=\"450\" alt=\"\" \/><\/a><\/div><div class=\"rl-gallery-item\"><a href=\"https:\/\/www.teoarkitektura.eus\/wp-content\/uploads\/2023\/02\/01-2-scaled.jpg\" title=\"\" data-rl_title=\"\" class=\"rl-gallery-link\" data-rl_caption=\"\" data-rel=\"lightbox-gallery-1\" data-magnific_type=\"gallery\"><img src=\"https:\/\/www.teoarkitektura.eus\/wp-content\/uploads\/2023\/02\/01-2-800x449.jpg\" width=\"800\" height=\"449\" alt=\"\" \/><\/a><\/div><div class=\"rl-gallery-item\"><a href=\"https:\/\/www.teoarkitektura.eus\/wp-content\/uploads\/2023\/02\/02-2-scaled.jpg\" title=\"\" data-rl_title=\"\" class=\"rl-gallery-link\" data-rl_caption=\"\" data-rel=\"lightbox-gallery-1\" data-magnific_type=\"gallery\"><img src=\"https:\/\/www.teoarkitektura.eus\/wp-content\/uploads\/2023\/02\/02-2-800x450.jpg\" width=\"800\" height=\"450\" alt=\"\" \/><\/a><\/div><div class=\"rl-gallery-item\"><a href=\"https:\/\/www.teoarkitektura.eus\/wp-content\/uploads\/2023\/02\/02-3-scaled.jpg\" title=\"\" data-rl_title=\"\" class=\"rl-gallery-link\" data-rl_caption=\"\" data-rel=\"lightbox-gallery-1\" data-magnific_type=\"gallery\"><img src=\"https:\/\/www.teoarkitektura.eus\/wp-content\/uploads\/2023\/02\/02-3-800x533.jpg\" width=\"800\" height=\"533\" alt=\"\" \/><\/a><\/div><div class=\"rl-gallery-item\"><a href=\"https:\/\/www.teoarkitektura.eus\/wp-content\/uploads\/2023\/02\/03-1-scaled.jpg\" title=\"\" data-rl_title=\"\" class=\"rl-gallery-link\" data-rl_caption=\"\" data-rel=\"lightbox-gallery-1\" data-magnific_type=\"gallery\"><img src=\"https:\/\/www.teoarkitektura.eus\/wp-content\/uploads\/2023\/02\/03-1-800x449.jpg\" width=\"800\" height=\"449\" alt=\"\" \/><\/a><\/div><div class=\"rl-gallery-item\"><a href=\"https:\/\/www.teoarkitektura.eus\/wp-content\/uploads\/2023\/02\/02-1-scaled.jpg\" title=\"\" data-rl_title=\"\" class=\"rl-gallery-link\" data-rl_caption=\"\" data-rel=\"lightbox-gallery-1\" data-magnific_type=\"gallery\"><img src=\"https:\/\/www.teoarkitektura.eus\/wp-content\/uploads\/2023\/02\/02-1-800x449.jpg\" width=\"800\" height=\"449\" alt=\"\" \/><\/a><\/div><div class=\"rl-gallery-item\"><a href=\"https:\/\/www.teoarkitektura.eus\/wp-content\/uploads\/2023\/02\/01-1-scaled.jpg\" title=\"\" data-rl_title=\"\" class=\"rl-gallery-link\" data-rl_caption=\"\" data-rel=\"lightbox-gallery-1\" data-magnific_type=\"gallery\"><img src=\"https:\/\/www.teoarkitektura.eus\/wp-content\/uploads\/2023\/02\/01-1-800x449.jpg\" width=\"800\" height=\"449\" alt=\"\" \/><\/a><\/div><div class=\"rl-gallery-item\"><a href=\"https:\/\/www.teoarkitektura.eus\/wp-content\/uploads\/2023\/02\/03.2-scaled.jpg\" title=\"\" data-rl_title=\"\" class=\"rl-gallery-link\" data-rl_caption=\"\" data-rel=\"lightbox-gallery-1\" data-magnific_type=\"gallery\"><img src=\"https:\/\/www.teoarkitektura.eus\/wp-content\/uploads\/2023\/02\/03.2-800x511.jpg\" width=\"800\" height=\"511\" alt=\"\" \/><\/a><\/div><div class=\"rl-gallery-item\"><a href=\"https:\/\/www.teoarkitektura.eus\/wp-content\/uploads\/2023\/02\/02-scaled.jpg\" title=\"\" data-rl_title=\"\" class=\"rl-gallery-link\" data-rl_caption=\"\" data-rel=\"lightbox-gallery-1\" data-magnific_type=\"gallery\"><img src=\"https:\/\/www.teoarkitektura.eus\/wp-content\/uploads\/2023\/02\/02-800x449.jpg\" width=\"800\" height=\"449\" alt=\"\" \/><\/a><\/div><div class=\"rl-gallery-item\"><a href=\"https:\/\/www.teoarkitektura.eus\/wp-content\/uploads\/2023\/02\/01-scaled.jpg\" title=\"\" data-rl_title=\"\" class=\"rl-gallery-link\" data-rl_caption=\"\" data-rel=\"lightbox-gallery-1\" data-magnific_type=\"gallery\"><img src=\"https:\/\/www.teoarkitektura.eus\/wp-content\/uploads\/2023\/02\/01-800x449.jpg\" width=\"800\" height=\"449\" alt=\"\" \/><\/a><\/div><div class=\"rl-gallery-item\"><a href=\"https:\/\/www.teoarkitektura.eus\/wp-content\/uploads\/2018\/07\/00_IMG_1039-1-scaled.jpg\" title=\"\" data-rl_title=\"\" class=\"rl-gallery-link\" data-rl_caption=\"\" data-rel=\"lightbox-gallery-1\" data-magnific_type=\"gallery\"><img src=\"https:\/\/www.teoarkitektura.eus\/wp-content\/uploads\/2018\/07\/00_IMG_1039-1-800x600.jpg\" width=\"800\" height=\"600\" alt=\"\" \/><\/a><\/div><div class=\"rl-gallery-item\"><a href=\"https:\/\/www.teoarkitektura.eus\/wp-content\/uploads\/2018\/07\/TORREON_003.jpg\" title=\"\" data-rl_title=\"\" class=\"rl-gallery-link\" data-rl_caption=\"\" data-rel=\"lightbox-gallery-1\" data-magnific_type=\"gallery\"><img src=\"https:\/\/www.teoarkitektura.eus\/wp-content\/uploads\/2018\/07\/TORREON_003-800x780.jpg\" width=\"800\" height=\"780\" alt=\"\" \/><\/a><\/div><div class=\"rl-gallery-item\"><a href=\"https:\/\/www.teoarkitektura.eus\/wp-content\/uploads\/2018\/07\/00_IMG_1046-1-scaled.jpg\" title=\"\" data-rl_title=\"\" class=\"rl-gallery-link\" data-rl_caption=\"\" data-rel=\"lightbox-gallery-1\" data-magnific_type=\"gallery\"><img src=\"https:\/\/www.teoarkitektura.eus\/wp-content\/uploads\/2018\/07\/00_IMG_1046-1-800x600.jpg\" width=\"800\" height=\"600\" alt=\"\" \/><\/a><\/div><div class=\"rl-gallery-item\"><a href=\"https:\/\/www.teoarkitektura.eus\/wp-content\/uploads\/2022\/03\/TORREON_014.jpg\" title=\"\" data-rl_title=\"\" class=\"rl-gallery-link\" data-rl_caption=\"\" data-rel=\"lightbox-gallery-1\" data-magnific_type=\"gallery\"><img src=\"https:\/\/www.teoarkitektura.eus\/wp-content\/uploads\/2022\/03\/TORREON_014-800x862.jpg\" width=\"800\" height=\"862\" alt=\"\" \/><\/a><\/div><div class=\"rl-gallery-item\"><a href=\"https:\/\/www.teoarkitektura.eus\/wp-content\/uploads\/2022\/03\/TORREON_011.jpg\" title=\"\" data-rl_title=\"\" class=\"rl-gallery-link\" data-rl_caption=\"\" data-rel=\"lightbox-gallery-1\" data-magnific_type=\"gallery\"><img src=\"https:\/\/www.teoarkitektura.eus\/wp-content\/uploads\/2022\/03\/TORREON_011-800x789.jpg\" width=\"800\" height=\"789\" alt=\"\" \/><\/a><\/div><div class=\"rl-gallery-item\"><a href=\"https:\/\/www.teoarkitektura.eus\/wp-content\/uploads\/2018\/07\/00_IMG_3880_A-scaled.jpg\" title=\"\" data-rl_title=\"\" class=\"rl-gallery-link\" data-rl_caption=\"\" data-rel=\"lightbox-gallery-1\" data-magnific_type=\"gallery\"><img src=\"https:\/\/www.teoarkitektura.eus\/wp-content\/uploads\/2018\/07\/00_IMG_3880_A-800x600.jpg\" width=\"800\" height=\"600\" alt=\"\" \/><\/a><\/div><div class=\"rl-gallery-item\"><a href=\"https:\/\/www.teoarkitektura.eus\/wp-content\/uploads\/2022\/03\/TORREON_022.jpg\" title=\"\" data-rl_title=\"\" class=\"rl-gallery-link\" data-rl_caption=\"\" data-rel=\"lightbox-gallery-1\" data-magnific_type=\"gallery\"><img src=\"https:\/\/www.teoarkitektura.eus\/wp-content\/uploads\/2022\/03\/TORREON_022-800x816.jpg\" width=\"800\" height=\"816\" alt=\"\" \/><\/a><\/div><div class=\"rl-gallery-item\"><a href=\"https:\/\/www.teoarkitektura.eus\/wp-content\/uploads\/2022\/03\/TORREON_024.jpg\" title=\"\" data-rl_title=\"\" class=\"rl-gallery-link\" data-rl_caption=\"\" data-rel=\"lightbox-gallery-1\" data-magnific_type=\"gallery\"><img src=\"https:\/\/www.teoarkitektura.eus\/wp-content\/uploads\/2022\/03\/TORREON_024-800x864.jpg\" width=\"800\" height=\"864\" alt=\"\" \/><\/a><\/div><div class=\"rl-gallery-item\"><a href=\"https:\/\/www.teoarkitektura.eus\/wp-content\/uploads\/2018\/07\/00_IMG_3876-scaled.jpg\" title=\"\" data-rl_title=\"\" class=\"rl-gallery-link\" data-rl_caption=\"\" data-rel=\"lightbox-gallery-1\" data-magnific_type=\"gallery\"><img src=\"https:\/\/www.teoarkitektura.eus\/wp-content\/uploads\/2018\/07\/00_IMG_3876-800x600.jpg\" width=\"800\" height=\"600\" alt=\"\" \/><\/a><\/div><div class=\"rl-gallery-item\"><a href=\"https:\/\/www.teoarkitektura.eus\/wp-content\/uploads\/2018\/12\/z-5.jpg\" title=\"\" data-rl_title=\"\" class=\"rl-gallery-link\" data-rl_caption=\"\" data-rel=\"lightbox-gallery-1\" data-magnific_type=\"gallery\"><img src=\"https:\/\/www.teoarkitektura.eus\/wp-content\/uploads\/2018\/12\/z-5-800x534.jpg\" width=\"800\" height=\"534\" alt=\"\" \/><\/a><\/div><div class=\"rl-gallery-item\"><a href=\"https:\/\/www.teoarkitektura.eus\/wp-content\/uploads\/2018\/12\/z-2.jpg\" title=\"\" data-rl_title=\"\" class=\"rl-gallery-link\" data-rl_caption=\"\" data-rel=\"lightbox-gallery-1\" data-magnific_type=\"gallery\"><img src=\"https:\/\/www.teoarkitektura.eus\/wp-content\/uploads\/2018\/12\/z-2.jpg\" width=\"756\" height=\"567\" alt=\"\" \/><\/a><\/div><div class=\"rl-gallery-item\"><a href=\"https:\/\/www.teoarkitektura.eus\/wp-content\/uploads\/2018\/12\/z-4.jpg\" title=\"\" data-rl_title=\"\" class=\"rl-gallery-link\" data-rl_caption=\"\" data-rel=\"lightbox-gallery-1\" data-magnific_type=\"gallery\"><img src=\"https:\/\/www.teoarkitektura.eus\/wp-content\/uploads\/2018\/12\/z-4-800x534.jpg\" width=\"800\" height=\"534\" alt=\"\" \/><\/a><\/div><div class=\"rl-gallery-item\"><a href=\"https:\/\/www.teoarkitektura.eus\/wp-content\/uploads\/2018\/12\/10A02_BELOAGA_IMG_9983.jpg\" title=\"\" data-rl_title=\"\" class=\"rl-gallery-link\" data-rl_caption=\"\" data-rel=\"lightbox-gallery-1\" data-magnific_type=\"gallery\"><img src=\"https:\/\/www.teoarkitektura.eus\/wp-content\/uploads\/2018\/12\/10A02_BELOAGA_IMG_9983-800x380.jpg\" width=\"800\" height=\"380\" alt=\"\" \/><\/a><\/div><div class=\"rl-gallery-item\"><a href=\"https:\/\/www.teoarkitektura.eus\/wp-content\/uploads\/2018\/12\/10A02_BELOAGA_IMG_7445.jpg\" title=\"\" data-rl_title=\"\" class=\"rl-gallery-link\" data-rl_caption=\"\" data-rel=\"lightbox-gallery-1\" data-magnific_type=\"gallery\"><img src=\"https:\/\/www.teoarkitektura.eus\/wp-content\/uploads\/2018\/12\/10A02_BELOAGA_IMG_7445-800x458.jpg\" width=\"800\" height=\"458\" alt=\"\" \/><\/a><\/div><div class=\"rl-gallery-item\"><a href=\"https:\/\/www.teoarkitektura.eus\/wp-content\/uploads\/2018\/12\/10A02_BELOAGA_3D_04a_02_A.jpg\" title=\"\" data-rl_title=\"\" class=\"rl-gallery-link\" data-rl_caption=\"\" data-rel=\"lightbox-gallery-1\" data-magnific_type=\"gallery\"><img src=\"https:\/\/www.teoarkitektura.eus\/wp-content\/uploads\/2018\/12\/10A02_BELOAGA_3D_04a_02_A-800x490.jpg\" width=\"800\" height=\"490\" alt=\"\" \/><\/a><\/div><div class=\"rl-gallery-item\"><a href=\"https:\/\/www.teoarkitektura.eus\/wp-content\/uploads\/2018\/07\/2014-09-08-PHOTO-00000018-1.jpg\" title=\"\" data-rl_title=\"\" class=\"rl-gallery-link\" data-rl_caption=\"\" data-rel=\"lightbox-gallery-1\" data-magnific_type=\"gallery\"><img src=\"https:\/\/www.teoarkitektura.eus\/wp-content\/uploads\/2018\/07\/2014-09-08-PHOTO-00000018-1-800x490.jpg\" width=\"800\" height=\"490\" alt=\"\" \/><\/a><\/div><div class=\"rl-gallery-item\"><a href=\"https:\/\/www.teoarkitektura.eus\/wp-content\/uploads\/2018\/07\/IMG_8554.jpg\" title=\"\" data-rl_title=\"\" class=\"rl-gallery-link\" data-rl_caption=\"\" data-rel=\"lightbox-gallery-1\" data-magnific_type=\"gallery\"><img src=\"https:\/\/www.teoarkitektura.eus\/wp-content\/uploads\/2018\/07\/IMG_8554.jpg\" width=\"378\" height=\"567\" alt=\"\" \/><\/a><\/div><div class=\"rl-gallery-item\"><a href=\"https:\/\/www.teoarkitektura.eus\/wp-content\/uploads\/2019\/04\/DSC00846.jpg\" title=\"\" data-rl_title=\"\" class=\"rl-gallery-link\" data-rl_caption=\"\" data-rel=\"lightbox-gallery-1\" data-magnific_type=\"gallery\"><img src=\"https:\/\/www.teoarkitektura.eus\/wp-content\/uploads\/2019\/04\/DSC00846.jpg\" width=\"756\" height=\"567\" alt=\"\" \/><\/a><\/div> <\/div> <\/div>\n<p><iframe loading=\"lazy\" title=\"Arribiribiletako Zutarria - Menhir de Arribiribileta\" width=\"930\" height=\"523\" src=\"https:\/\/www.youtube.com\/embed\/suK5Zqq1ogk?feature=oembed\" frameborder=\"0\" allow=\"accelerometer; autoplay; clipboard-write; encrypted-media; gyroscope; picture-in-picture; web-share\" allowfullscreen><\/iframe><\/p>\n<p><iframe loading=\"lazy\" title=\"Arribiribilletako menhirra zutitzen\" width=\"930\" height=\"523\" src=\"https:\/\/www.youtube.com\/embed\/avIO8mFZg0M?feature=oembed\" frameborder=\"0\" allow=\"accelerometer; autoplay; clipboard-write; encrypted-media; gyroscope; picture-in-picture; web-share\" allowfullscreen><\/iframe><\/p>\n<p><iframe loading=\"lazy\" title=\"Restauraci\u00f3n, consolidaci\u00f3n y puesta en valor del Torrre\u00f3n II de Jaizkibel\" width=\"930\" height=\"523\" src=\"https:\/\/www.youtube.com\/embed\/N1xcx1_Yy3o?feature=oembed\" frameborder=\"0\" allow=\"accelerometer; autoplay; clipboard-write; encrypted-media; gyroscope; picture-in-picture; web-share\" allowfullscreen><\/iframe><\/p>\n","protected":false},"excerpt":{"rendered":"<p>Rehabilitaci\u00f3n patrimonial<\/p>\n","protected":false},"author":1,"featured_media":0,"parent":0,"menu_order":4,"comment_status":"closed","ping_status":"closed","template":"","meta":[],"_links":{"self":[{"href":"https:\/\/www.teoarkitektura.eus\/es\/wp-json\/wp\/v2\/pages\/1190"}],"collection":[{"href":"https:\/\/www.teoarkitektura.eus\/es\/wp-json\/wp\/v2\/pages"}],"about":[{"href":"https:\/\/www.teoarkitektura.eus\/es\/wp-json\/wp\/v2\/types\/page"}],"author":[{"embeddable":true,"href":"https:\/\/www.teoarkitektura.eus\/es\/wp-json\/wp\/v2\/users\/1"}],"replies":[{"embeddable":true,"href":"https:\/\/www.teoarkitektura.eus\/es\/wp-json\/wp\/v2\/comments?post=1190"}],"version-history":[{"count":1,"href":"https:\/\/www.teoarkitektura.eus\/es\/wp-json\/wp\/v2\/pages\/1190\/revisions"}],"predecessor-version":[{"id":1820,"href":"https:\/\/www.teoarkitektura.eus\/es\/wp-json\/wp\/v2\/pages\/1190\/revisions\/1820"}],"wp:attachment":[{"href":"https:\/\/www.teoarkitektura.eus\/es\/wp-json\/wp\/v2\/media?parent=1190"}],"curies":[{"name":"wp","href":"https:\/\/api.w.org\/{rel}","templated":true}]}}