{"id":1167,"date":"2018-01-16T23:50:00","date_gmt":"2018-01-16T22:50:00","guid":{"rendered":"https:\/\/www.teoarkitektura.com\/estudioa\/cv-teo\/"},"modified":"2022-03-29T07:42:04","modified_gmt":"2022-03-29T06:42:04","slug":"cv-teo","status":"publish","type":"page","link":"https:\/\/www.teoarkitektura.eus\/es\/estudio\/cv-teo\/","title":{"rendered":"CV TEO"},"content":{"rendered":"<h1>CV Teo Arkitektura<\/h1>\n<h3>Rehabilitaci\u00f3n:<\/h3>\n<ul>\n<li>Teo E. Rehabilitaci\u00f3n de caser\u00edo. Bakio, Bizkaia (2022) \/ En proyecto.<\/li>\n<li>Teo ta M. Reforma interior de vivienda en Casco Viejo. Bilbao, Bizkaia (2022) \/ En proyecto.<\/li>\n<li>Teo ta J. Rehabilitaci\u00f3n del convento de Las Clarisas. Bermeo, Bizkaia (2022) \/ En proyecto.<\/li>\n<li>Teo ta I. Reforma interior de vivienda. Bermeo, Bizkaia (2022) \/ Obra finalizada.<\/li>\n<li>Teo A. Acondicionamiento de explotaci\u00f3n l\u00e1ctea. Karrantza, Bizkaia (2021) \/ En proyecto.<\/li>\n<li>Teo ta M. Reforma interior de vivienda. Getxo, Bizkaia (2022) \/ Obra finalizada.<\/li>\n<li>Teo ta J. Reforma interior de vivienda. Arrigorriaga, Bizkaia (2022) \/ Obra finalizada.<\/li>\n<li>Teo I. Reforma interior para espacio juvenil Fase I. Iurreta, Bizkaia (2021) \/ Obra finalizada.<\/li>\n<li>Teo A. Cambio de uso y rehabilitaci\u00f3n del caser\u00edo. Atxondo, Bizkaia (2021) \/ Proyecto de Ejecuci\u00f3n.<\/li>\n<li>Teo ta A. Reforma interior de vivienda en San Francisco. Bilbao, Bizkaia (2021) \/ Obra finalizada.<\/li>\n<li>Teo ta S. Rehabilitaci\u00f3n de edificio como Casa Rural. Bakio, Bizkaia (2021) \/ Obra finalizada.<\/li>\n<li>Teo ta P. Rehabilitaci\u00f3n de caser\u00edo. Bakio, Bizkaia (2021) \/ Proyecto de Ejecuci\u00f3n.<\/li>\n<li>Teo ta I. Ampliaci\u00f3n de vivienda unifamiliar en Artebakarra. Derio, Bizkaia (2021) \/ Proyecto de Ejecuci\u00f3n.<\/li>\n<li>Teo ta A. Rehabilitaci\u00f3n interior de dos viviendas en caser\u00edo en Atxuri. Mungia, Bizkaia (2020) \/ Obra finalizada.<\/li>\n<li>Teo L. Habilitaci\u00f3n de local en vivienda en Lemoa, Bizkaia (2020) \/ Obra finalizada.<\/li>\n<li>Teo ta M. Habilitaci\u00f3n de local en vivienda en Atxuri. Bilbao, Bizkaia (2019) \/ Obra finalizada.<\/li>\n<li>Teo ta J.\u00a0Reforma de vivienda en Bilbao La Vieja. Bilbao, Bizkaia (2017) \/ Obra finalizada.<\/li>\n<li>Teo ta S. Reforma de local como cl\u00ednica de fisioterapia. Bilbao, Bizkaia (2018) \/ Obra finalizada.<\/li>\n<li>Teo ta I. Reforma de vivienda en Bilbao La Vieja. Bilbao, Bizkaia (2017) \/ Obra finalizada.<\/li>\n<li>Teo ta E. Rehabilitaci\u00f3n parcial de caser\u00edo en vivienda. Mendata, Bizkaia (2019) \/ Obra finalizada.<\/li>\n<li>Teo E. Ampliaci\u00f3n y reforma de vivienda unifamiliar. Loiu, Bizkaia (2019) \/ Obra finalizada.<\/li>\n<li>Teo ta A. Reforma de vivienda en Indautxu. Bilbao, Bizkaia (2017) \/ Obra finalizada.<\/li>\n<li>Teo ta P. Reforma interior de local para oficinas. Bilbao, Bizkaia (2016) \/ Obra finalizada.<\/li>\n<li>Teo ta E. Ampliaci\u00f3n de s\u00f3tano en vivienda unifamiliar. Arantzazu, Bizkaia (2016) \/ Obra finalizada.<\/li>\n<li>Teo ta A. Rehabilitaci\u00f3n estructural de caser\u00edo en Atxuri. Mungia, Bizkaia (2017) \/ Obra finalizada<\/li>\n<li>Teo ta J. Reforma de local como bar en Santutxu. Bilbao, Bizkaia (2017) \/ Obra finalizada.<\/li>\n<li>Teo ta S. Reforma interior de local para estudio en Santutxu. Bilbao, Bizkaia (2016) \/ Obra finalizada.<\/li>\n<li>Teo ta I. Reforma interior de vivienda en Bilbao La Vieja. Bilbao, Bizkaia (2016) \/ Obra finalizada.<\/li>\n<li>Teo ta I. Reforma interior de vivienda en El Ensanche. Bilbao, Bizkaia (2015) \/ Obra finalizada.<\/li>\n<li>Teo ta V. Reforma de local comercial para Terai Cosm\u00e9tica. Bilbao, Bizkaia (2015) \/ Obra finalizada.<\/li>\n<li>Teo I. Rehabilitaci\u00f3n y segregaci\u00f3n de vivienda. Arrasate, Gipuzkoa (2015) \/ Obra finalizada.<\/li>\n<li>Teo A. Consolidaci\u00f3n estructural y rehabilitaci\u00f3n de caser\u00edo. Bakio, Bizkaia (2015) \/ Obra finalizada.<\/li>\n<li>Teo ta A. Reforma de local para caf\u00e9-obrador Okapi. Bilbao, Bizkaia (2014) \/ Obra finalizada.<\/li>\n<li>Teo ta R. Proyecto de reforma de local para salas de ensayo musical. Mungia, Bizkaia (2015)<\/li>\n<li>Teo ta M. Rehabilitaci\u00f3n interior de vivienda. Bilbao, Bizkaia (2014)<\/li>\n<li>Teo ta J. Rehabilitaci\u00f3n y ampliaci\u00f3n de vivienda unifamiliar. Lezama, Bizkaia (2015) \/ Obra finalizada.<\/li>\n<li>Teo ta S. Reforma interior de vivienda-\u00e1tico en El Ensanche. Bilbao, Bizkaia (2013) \/ Obra finalizada.<\/li>\n<li>Teo ta T. Cubierta y estructura interior de caser\u00edo. Murgia, Araba (2014) \/ Obra finalizada.<\/li>\n<li>Teo ta F. Reforma interior de pabell\u00f3n industrial para obrador de pan. Laudio, Araba (2012) \/ Obra finalizada.<\/li>\n<li>Teo ta R. Rehabilitaci\u00f3n interior de vivienda unifamiliar. Neila, Burgos (2012) \/ Obra finalizada.<\/li>\n<li>Teo ta P. Reforma de pajar y establo en vivienda unifamiliar. Renedo de Valderaduey, Le\u00f3n (2015) \/ Obra finalizada.<\/li>\n<\/ul>\n<h3><strong>Obra nueva:<\/strong><\/h3>\n<ul>\n<li>Teo M. Vivienda unifamiliar en Belako. Mungia, Bizkaia (2020) \/ Proyecto de ejecuci\u00f3n.<\/li>\n<li>Teo F. Proyecto de cochera para vag\u00f3n de funicular. Bilbao, Bizkaia (2019) \/ Obra finalizada.<\/li>\n<li>Teo C. Vivienda unifamiliar en Costaj\u00e1n.\u00a0Aranda de Duero (2020) \/ Obra finalizada.<\/li>\n<li>Teo ta N. Vivienda unifamiliar en Goitisolo.\u00a0Bakio, Bizkaia (2019) \/ Obra finalizada.<\/li>\n<li>Teo ta J. Vivienda unifamiliar en Goitisolo.\u00a0Bakio, Bizkaia (2017) \/ Obra finalizada.<\/li>\n<\/ul>\n<h3><strong>Proyectos de urbanizaci\u00f3n:<\/strong><\/h3>\n<ul>\n<li>Teo A. Transformaci\u00f3n de patio. Abadi\u00f1o, Bizkaia (2021) \/ Proyecto B\u00e1sico.<\/li>\n<li>Teo Z. Transformaci\u00f3n de patio. Amurrio, Araba (2021) \/ En proyecto.<\/li>\n<li>Teo LR. Transformaci\u00f3n de patio. Amurrio, Araba (2021) \/ En proyecto.<\/li>\n<li>Teo I. Urbanizaci\u00f3n de c\/ Ibarratorre. Bakio, Bizkaia (2021) \/ Obra finalizada.<\/li>\n<li>Teo U. Remodelaci\u00f3n de patio escolar Fase II. Bakio, Bizkaia (2020) \/ Proyecto de Ejecuci\u00f3n.<\/li>\n<li>Teo U. Remodelaci\u00f3n de patio escolar Fase I. Bakio, Bizkaia (2019) \/ Obra finalizada<\/li>\n<li>Teo I. Proyecto de urbanizaci\u00f3n de Ibarratorre kalea en Bakio, Bizkaia (2017-2018).<\/li>\n<li>Teo S. Proyecto de derribo y nueva ejecuci\u00f3n de muro en Santurtzi, Bizkaia (2017)<\/li>\n<\/ul>\n<h3><strong>Arquitectura ef\u00edmera:<\/strong><\/h3>\n<ul>\n<li>Bego\u00f1ako Argia. Dise\u00f1o de punto de informaci\u00f3n. Bilbao, Bizkaia (2021).<\/li>\n<li>Getxoarte 2016. Dise\u00f1o, producci\u00f3n y montaje de espacios multiusos para Getxoarte 2016. Getxo, Bizkaia (2016).<\/li>\n<li>Getxoarte 2015. Dise\u00f1o, producci\u00f3n y montaje de espacios multiusos para Getxoarte 2015. Getxo, Bizkaia (2015).<\/li>\n<li>Getxoarte 2014. Dise\u00f1o, producci\u00f3n y montaje de espacios multiusos para Getxoarte 2014. Getxo, Bizkaia (2014).<\/li>\n<\/ul>\n<h3><strong>Aranzadi Zientzia Elkartea:<\/strong><\/h3>\n<ul>\n<li>Consolidaci\u00f3n y Rehabilitaci\u00f3n del Torre\u00f3n II de Jaizkibel. Ayto. de Lezo, Gipuzkoa. (2022) \/ Obra finalizada.<\/li>\n<li>Consolidaci\u00f3n y Rehabilitaci\u00f3n del Torre\u00f3n del Serantes. Proyecto\u00a0 y Direcci\u00f3n de Obra, Ayto. de Santurtzi, Bizkaia. (2020). \/ Obra finalizada.<\/li>\n<li>Proyecto de Consolidaci\u00f3n y Socializaci\u00f3n del Conjunto Religioso-Militar de la isla de Garraitz. Lekeitio, Bizkaia. (2021) \/ En proyecto<\/li>\n<li>Puesta en pie del Menhir de Arribiribileta.\u00a0Proyecto y direcci\u00f3n de obra, Debegesa. Gipuzkoa (2014). En colaboraci\u00f3n junto con I\u00f1igo Iba\u00f1ez Udaondo.<\/li>\n<li>Rehabilitaci\u00f3n de la Estaci\u00f3n Ferroviaria del Balneario de Zestoa (Fase I y II). Zestoa, Gipuzkoa (2013-2014).<\/li>\n<li>Consolidaci\u00f3n y Socializaci\u00f3n del Castillo Medieval de Beloaga. Proyecto y Direcci\u00f3n de Obra (Fases I y II), Ayto. de Oiartzun. (2017).<\/li>\n<li>Consolidaci\u00f3n y puesta en valor del fuerte de Oriamendi y su entorno.\u00a0 Kutxa Ekogunea, Donostia-San Sebasti\u00e1n. (2012)<\/li>\n<li>Serantes Natura: Rehabilitaci\u00f3n del Fuerte Militar del Serantes como Centro Medioambiental. Direcci\u00f3n de Obra (fase II y III) \u00a0Ayto. de Santurtzi. (2014).<\/li>\n<\/ul>\n","protected":false},"excerpt":{"rendered":"<p>CV Teo Arkitektura Rehabilitaci\u00f3n: Teo E. Rehabilitaci\u00f3n de caser\u00edo. Bakio, Bizkaia (2022) \/ En proyecto. Teo ta M. Reforma interior de vivienda en Casco Viejo. Bilbao, Bizkaia (2022) \/ En proyecto. Teo ta J. Rehabilitaci\u00f3n del convento de Las Clarisas. Bermeo, Bizkaia (2022) \/ En proyecto. Teo ta I. Reforma interior de vivienda. Bermeo, Bizkaia&hellip;<\/p>\n","protected":false},"author":1,"featured_media":0,"parent":1147,"menu_order":3,"comment_status":"closed","ping_status":"closed","template":"","meta":[],"_links":{"self":[{"href":"https:\/\/www.teoarkitektura.eus\/es\/wp-json\/wp\/v2\/pages\/1167"}],"collection":[{"href":"https:\/\/www.teoarkitektura.eus\/es\/wp-json\/wp\/v2\/pages"}],"about":[{"href":"https:\/\/www.teoarkitektura.eus\/es\/wp-json\/wp\/v2\/types\/page"}],"author":[{"embeddable":true,"href":"https:\/\/www.teoarkitektura.eus\/es\/wp-json\/wp\/v2\/users\/1"}],"replies":[{"embeddable":true,"href":"https:\/\/www.teoarkitektura.eus\/es\/wp-json\/wp\/v2\/comments?post=1167"}],"version-history":[{"count":0,"href":"https:\/\/www.teoarkitektura.eus\/es\/wp-json\/wp\/v2\/pages\/1167\/revisions"}],"up":[{"embeddable":true,"href":"https:\/\/www.teoarkitektura.eus\/es\/wp-json\/wp\/v2\/pages\/1147"}],"wp:attachment":[{"href":"https:\/\/www.teoarkitektura.eus\/es\/wp-json\/wp\/v2\/media?parent=1167"}],"curies":[{"name":"wp","href":"https:\/\/api.w.org\/{rel}","templated":true}]}}