{"id":1163,"date":"2018-01-16T23:49:44","date_gmt":"2018-01-16T22:49:44","guid":{"rendered":"https:\/\/www.teoarkitektura.com\/estudioa\/gu-%c2%b7-equipo-%c2%b7-team\/"},"modified":"2025-02-03T09:08:34","modified_gmt":"2025-02-03T08:08:34","slug":"equipo","status":"publish","type":"page","link":"https:\/\/www.teoarkitektura.eus\/es\/estudio\/equipo\/","title":{"rendered":"Equipo"},"content":{"rendered":"<p><img decoding=\"async\" loading=\"lazy\" class=\"aligncenter wp-image-1850 size-full\" src=\"https:\/\/www.teoarkitektura.eus\/wp-content\/uploads\/2025\/01\/TEO_ekip-2025.jpg\" alt=\"\" width=\"755\" height=\"203\" \/><\/p>\r\n<h3><\/h3>\r\n<p><strong>TEO Arkitektura<\/strong> lo formamos Maite Eizagirre, Anartz Ormaza y David Tijero, tres arquitectos que decidimos compartir nuestro camino profesional en 2012. En 2020 se incorpor\u00f3 al equipo Eneko Saez de Lafuente.<\/p>\r\n<h3>\r\n\r\n<\/h3>\r\n<h3>\r\n\r\n<\/h3>\r\n<p><strong>Maite<\/strong> es arquitecta desde 2006 y arquitecta t\u00e9cnica desde 1996, habiendo realizado sus estudios en la Universidad Europea de Madrid y en la Escuela Polit\u00e9cnica de la Universidad de Extremadura. Trabaj\u00f3 durante a\u00f1os en Madris en Navarro Baldeweg Asociados y despu\u00e9s en IMB Arquitectos, en Bilbao.<\/p>\r\n<h3>\r\n\r\n<\/h3>\r\n<p><strong>Anartz<\/strong> es arquitecto superior desde 2007, especialista universitario en ordenaci\u00f3n y gesti\u00f3n del territorio desde 2010 y especialista universitario en evaluaci\u00f3n de impacto ling\u00faisto del territorio desde 2017. Ha realizado sus estudios en la Escuela Superior de Arquitectura de San Sebasti\u00e1n\u00a0 (UPV-EHU), UEU (Udako Euskal Unibertsitatea) y la St\u00e4atliche Akademie Der Bildenden K\u00fcnste Stuttgartt (Alemania).\u00a0Trabaj\u00f3 unos a\u00f1os en el estudio IMB Arquitectos de Bilbao, y despu\u00e9s en la Sociedad de Ciencias Aranzadi como director de la escuela taller Serantes Natura.<\/p>\r\n<h3>\r\n\r\n<\/h3>\r\n<h3><\/h3>\r\n\r\n<figure class=\"wp-block-image\"><\/figure>\r\n\r\n\r\n\r\n\r\n\r\n<p><strong>Eneko<\/strong> es arquitecto desde 2015 y ha realizado un postgrado en arquitectura medioambiental y urbanismo sostenible. Ha realizado sus estudios en la Escuela Superior de Arquitectura de San Sebasti\u00e1n\u00a0 (UPV-EHU) y en la Universidad La Salle (Ramon Llul). En los \u00faltimos a\u00f1os ha trabajado en diferentes estudios de arquitectura de Reino Unido y Barcelona. Se ha unido al equipo TEO en 2020.<\/p>\r\n<p><strong>David<\/strong> es arquitecto superior desde 2007, m\u00e1ster en sostenibilidad desde 2011, habiendo realizado sus estudios en la Escuela Superior de Arquitectura de San Sebasti\u00e1n, la Universidade de Coimbra (Portugal) y la Universitat Polit\u00e9cnica de Catalunya. Trabaj\u00f3 durante algunos a\u00f1os en Estudio-K Arquitectura y Urbanismoa. Ha cursado el m\u00e1ster universitario en formaci\u00f3n de profesorado en la Universidad del Pa\u00eds Vasco (UPV-EHU), compaginando su labor en el estudio con la docencia en educaci\u00f3n secundaria.<\/p>\r\n\r\n<p><!--EndFragment--><\/p>\r\n<p>&nbsp;<\/p>","protected":false},"excerpt":{"rendered":"<p>TEO Arkitektura lo formamos Maite Eizagirre, Anartz Ormaza y David Tijero, tres arquitectos que decidimos compartir nuestro camino profesional en 2012. En 2020 se incorpor\u00f3 al equipo Eneko Saez de Lafuente. Maite es arquitecta desde 2006 y arquitecta t\u00e9cnica desde 1996, habiendo realizado sus estudios en la Universidad Europea de Madrid y en la Escuela&hellip;<\/p>\n","protected":false},"author":1,"featured_media":0,"parent":1147,"menu_order":2,"comment_status":"closed","ping_status":"closed","template":"","meta":[],"_links":{"self":[{"href":"https:\/\/www.teoarkitektura.eus\/es\/wp-json\/wp\/v2\/pages\/1163"}],"collection":[{"href":"https:\/\/www.teoarkitektura.eus\/es\/wp-json\/wp\/v2\/pages"}],"about":[{"href":"https:\/\/www.teoarkitektura.eus\/es\/wp-json\/wp\/v2\/types\/page"}],"author":[{"embeddable":true,"href":"https:\/\/www.teoarkitektura.eus\/es\/wp-json\/wp\/v2\/users\/1"}],"replies":[{"embeddable":true,"href":"https:\/\/www.teoarkitektura.eus\/es\/wp-json\/wp\/v2\/comments?post=1163"}],"version-history":[{"count":2,"href":"https:\/\/www.teoarkitektura.eus\/es\/wp-json\/wp\/v2\/pages\/1163\/revisions"}],"predecessor-version":[{"id":1854,"href":"https:\/\/www.teoarkitektura.eus\/es\/wp-json\/wp\/v2\/pages\/1163\/revisions\/1854"}],"up":[{"embeddable":true,"href":"https:\/\/www.teoarkitektura.eus\/es\/wp-json\/wp\/v2\/pages\/1147"}],"wp:attachment":[{"href":"https:\/\/www.teoarkitektura.eus\/es\/wp-json\/wp\/v2\/media?parent=1163"}],"curies":[{"name":"wp","href":"https:\/\/api.w.org\/{rel}","templated":true}]}}