{"id":1157,"date":"2018-01-16T23:46:24","date_gmt":"2018-01-16T22:46:24","guid":{"rendered":"https:\/\/www.teoarkitektura.com\/estudioa\/filosofia\/"},"modified":"2021-05-24T17:55:21","modified_gmt":"2021-05-24T16:55:21","slug":"filosofia","status":"publish","type":"page","link":"https:\/\/www.teoarkitektura.eus\/es\/estudio\/filosofia\/","title":{"rendered":"Filosof\u00eda"},"content":{"rendered":"<p><img decoding=\"async\" loading=\"lazy\" class=\"aligncenter wp-image-333 \" src=\"http:\/\/www.teoarkitektura.com\/wp-content\/uploads\/2018\/07\/TEOgif.gif\" alt=\"TEO Arkitektura\" width=\"405\" height=\"229\" \/><\/p>\n<p>TEO Arkitektura no es solamente una cosa, son muchas cosas.<\/p>\n<p>Sobre todo desarrollamos nuestra actividad en tres aspectos: proyectos de arquitectura, rehabilitaci\u00f3n de patrimonio y educaci\u00f3n en arquitectura con ni\u00f1+s.<\/p>\n<p>Somos un estudio de arquitectura cercano, que mantiene un<b>\u00a0contacto directo<\/b>\u00a0con l+s clientes, bien p\u00fablicos o privados. Nos implicamos en los proyectos con todos los sentidos, proponiendo siempre\u00a0<strong>soluciones razonables<\/strong>\u00a0que se adaptan a las necesidades de l+s clientes.<\/p>\n<p>Nos gusta trabajar as\u00ed,\u00a0<strong>desde la cercan\u00eda<\/strong>.<\/p>\n","protected":false},"excerpt":{"rendered":"<p>TEO Arkitektura no es solamente una cosa, son muchas cosas. Sobre todo desarrollamos nuestra actividad en tres aspectos: proyectos de arquitectura, rehabilitaci\u00f3n de patrimonio y educaci\u00f3n en arquitectura con ni\u00f1+s. Somos un estudio de arquitectura cercano, que mantiene un\u00a0contacto directo\u00a0con l+s clientes, bien p\u00fablicos o privados. Nos implicamos en los proyectos con todos los sentidos,&hellip;<\/p>\n","protected":false},"author":1,"featured_media":0,"parent":1147,"menu_order":1,"comment_status":"closed","ping_status":"closed","template":"","meta":[],"_links":{"self":[{"href":"https:\/\/www.teoarkitektura.eus\/es\/wp-json\/wp\/v2\/pages\/1157"}],"collection":[{"href":"https:\/\/www.teoarkitektura.eus\/es\/wp-json\/wp\/v2\/pages"}],"about":[{"href":"https:\/\/www.teoarkitektura.eus\/es\/wp-json\/wp\/v2\/types\/page"}],"author":[{"embeddable":true,"href":"https:\/\/www.teoarkitektura.eus\/es\/wp-json\/wp\/v2\/users\/1"}],"replies":[{"embeddable":true,"href":"https:\/\/www.teoarkitektura.eus\/es\/wp-json\/wp\/v2\/comments?post=1157"}],"version-history":[{"count":0,"href":"https:\/\/www.teoarkitektura.eus\/es\/wp-json\/wp\/v2\/pages\/1157\/revisions"}],"up":[{"embeddable":true,"href":"https:\/\/www.teoarkitektura.eus\/es\/wp-json\/wp\/v2\/pages\/1147"}],"wp:attachment":[{"href":"https:\/\/www.teoarkitektura.eus\/es\/wp-json\/wp\/v2\/media?parent=1157"}],"curies":[{"name":"wp","href":"https:\/\/api.w.org\/{rel}","templated":true}]}}