{"id":1147,"date":"2018-01-03T20:35:06","date_gmt":"2018-01-03T19:35:06","guid":{"rendered":"https:\/\/www.teoarkitektura.com\/estudioa\/"},"modified":"2021-05-24T17:55:15","modified_gmt":"2021-05-24T16:55:15","slug":"estudio","status":"publish","type":"page","link":"https:\/\/www.teoarkitektura.eus\/es\/estudio\/","title":{"rendered":"Estudio"},"content":{"rendered":"<div style=\"width: 930px;\" class=\"wp-video\"><!--[if lt IE 9]><script>document.createElement('video');<\/script><![endif]-->\n<video class=\"wp-video-shortcode\" id=\"video-1147-1\" width=\"930\" height=\"698\" autoplay=\"1\" preload=\"metadata\" controls=\"controls\"><source type=\"video\/mp4\" src=\"http:\/\/www.teoarkitektura.com\/wp-content\/uploads\/2018\/07\/AURKEZPENA-TEO_SARRERA-BAKARRIK_01.mp4?_=1\" \/><a href=\"http:\/\/www.teoarkitektura.com\/wp-content\/uploads\/2018\/07\/AURKEZPENA-TEO_SARRERA-BAKARRIK_01.mp4\" target=\"_blank\" rel=\"noopener\">http:\/\/www.teoarkitektura.com\/wp-content\/uploads\/2018\/07\/AURKEZPENA-TEO_SARRERA-BAKARRIK_01.mp4<\/a><\/video><\/div>\n\n\n\n<p class=\"has-text-align-center\">.<\/p>\n\n\n\n<p class=\"has-text-align-center\">En TEO Arkitektura creemos que cada cliente, cada familia, cada usuario, tiene una forma de vivir los espacios, m\u00e1s all\u00e1 de los modelos preconcebidos que respondan a las formas de vida generalizadas o m\u00e1s extendidas. Y creemos que cada espacio ha de dar respuesta a las circunstancias espec\u00edficas de cada usuario, de cada unidad familiar; a sus necesidades.<\/p>\n\n\n\n<p class=\"has-text-align-center\">En TEO Arkitektura apostamos por emprender los proyectos en tres direcciones:<\/p>\n\n\n\n<figure class=\"wp-block-image\"><img decoding=\"async\" loading=\"lazy\" width=\"1200\" height=\"449\" src=\"http:\/\/www.teoarkitektura.com\/wp\/wp-content\/uploads\/2019\/04\/PUNTUAK_8a-1200x449.jpg\" alt=\"\" class=\"wp-image-989\" srcset=\"https:\/\/www.teoarkitektura.eus\/wp-content\/uploads\/2019\/04\/PUNTUAK_8a-1200x449.jpg 1200w, https:\/\/www.teoarkitektura.eus\/wp-content\/uploads\/2019\/04\/PUNTUAK_8a-800x299.jpg 800w, https:\/\/www.teoarkitektura.eus\/wp-content\/uploads\/2019\/04\/PUNTUAK_8a-768x287.jpg 768w, https:\/\/www.teoarkitektura.eus\/wp-content\/uploads\/2019\/04\/PUNTUAK_8a.jpg 1417w\" sizes=\"(max-width: 1200px) 100vw, 1200px\" \/><\/figure>\n","protected":false},"excerpt":{"rendered":"<p>. En TEO Arkitektura creemos que cada cliente, cada familia, cada usuario, tiene una forma de vivir los espacios, m\u00e1s all\u00e1 de los modelos preconcebidos que respondan a las formas de vida generalizadas o m\u00e1s extendidas. Y creemos que cada espacio ha de dar respuesta a las circunstancias espec\u00edficas de cada usuario, de cada unidad&hellip;<\/p>\n","protected":false},"author":1,"featured_media":0,"parent":0,"menu_order":2,"comment_status":"closed","ping_status":"closed","template":"","meta":[],"_links":{"self":[{"href":"https:\/\/www.teoarkitektura.eus\/es\/wp-json\/wp\/v2\/pages\/1147"}],"collection":[{"href":"https:\/\/www.teoarkitektura.eus\/es\/wp-json\/wp\/v2\/pages"}],"about":[{"href":"https:\/\/www.teoarkitektura.eus\/es\/wp-json\/wp\/v2\/types\/page"}],"author":[{"embeddable":true,"href":"https:\/\/www.teoarkitektura.eus\/es\/wp-json\/wp\/v2\/users\/1"}],"replies":[{"embeddable":true,"href":"https:\/\/www.teoarkitektura.eus\/es\/wp-json\/wp\/v2\/comments?post=1147"}],"version-history":[{"count":0,"href":"https:\/\/www.teoarkitektura.eus\/es\/wp-json\/wp\/v2\/pages\/1147\/revisions"}],"wp:attachment":[{"href":"https:\/\/www.teoarkitektura.eus\/es\/wp-json\/wp\/v2\/media?parent=1147"}],"curies":[{"name":"wp","href":"https:\/\/api.w.org\/{rel}","templated":true}]}}